{"id":958,"date":"2019-04-18T14:09:00","date_gmt":"2019-04-18T12:09:00","guid":{"rendered":"http:\/\/cl-tapissiere.com\/?page_id=958"},"modified":"2019-04-18T18:48:34","modified_gmt":"2019-04-18T16:48:34","slug":"a-latelier","status":"publish","type":"page","link":"https:\/\/cl-tapissiere.com\/index.php\/a-latelier\/","title":{"rendered":"A L&rsquo;ATELIER"},"content":{"rendered":"\n<ul class=\"wp-block-gallery columns-3 is-cropped wp-block-gallery-1 is-layout-flex wp-block-gallery-is-layout-flex\"><li class=\"blocks-gallery-item\"><figure><img loading=\"lazy\" decoding=\"async\" width=\"700\" height=\"488\" src=\"https:\/\/cl-tapissiere.com\/wp-content\/uploads\/2017\/08\/IMG_9838-700x488.jpg\" alt=\"\" data-id=\"582\" data-link=\"https:\/\/cl-tapissiere.com\/img_9838\/\" class=\"wp-image-582\" srcset=\"https:\/\/cl-tapissiere.com\/wp-content\/uploads\/2017\/08\/IMG_9838-700x488.jpg 700w, https:\/\/cl-tapissiere.com\/wp-content\/uploads\/2017\/08\/IMG_9838-300x209.jpg 300w, https:\/\/cl-tapissiere.com\/wp-content\/uploads\/2017\/08\/IMG_9838-768x536.jpg 768w\" sizes=\"auto, (max-width: 700px) 100vw, 700px\" \/><\/figure><\/li><li class=\"blocks-gallery-item\"><figure><img loading=\"lazy\" decoding=\"async\" width=\"700\" height=\"1050\" src=\"https:\/\/cl-tapissiere.com\/wp-content\/uploads\/2017\/08\/IMG_9781-e1503559387285-700x1050.jpg\" alt=\" \" data-id=\"545\" data-link=\"https:\/\/cl-tapissiere.com\/img_9781\/\" class=\"wp-image-545\" srcset=\"https:\/\/cl-tapissiere.com\/wp-content\/uploads\/2017\/08\/IMG_9781-e1503559387285-700x1050.jpg 700w, https:\/\/cl-tapissiere.com\/wp-content\/uploads\/2017\/08\/IMG_9781-e1503559387285-200x300.jpg 200w, https:\/\/cl-tapissiere.com\/wp-content\/uploads\/2017\/08\/IMG_9781-e1503559387285-768x1152.jpg 768w\" sizes=\"auto, (max-width: 700px) 100vw, 700px\" \/><\/figure><\/li><li class=\"blocks-gallery-item\"><figure><img loading=\"lazy\" decoding=\"async\" width=\"700\" height=\"1050\" src=\"https:\/\/cl-tapissiere.com\/wp-content\/uploads\/2017\/08\/IMG_9699-e1503559516598-700x1050.jpg\" alt=\" \" data-id=\"546\" data-link=\"https:\/\/cl-tapissiere.com\/img_9699\/\" class=\"wp-image-546\" srcset=\"https:\/\/cl-tapissiere.com\/wp-content\/uploads\/2017\/08\/IMG_9699-e1503559516598-700x1050.jpg 700w, https:\/\/cl-tapissiere.com\/wp-content\/uploads\/2017\/08\/IMG_9699-e1503559516598-200x300.jpg 200w, https:\/\/cl-tapissiere.com\/wp-content\/uploads\/2017\/08\/IMG_9699-e1503559516598-768x1152.jpg 768w\" sizes=\"auto, (max-width: 700px) 100vw, 700px\" \/><\/figure><\/li><\/ul>\n\n\n\n<p>Dans mon atelier, je refais, je tends, je cloute, j\u2019agrafe, je couds et parfois, je prends aussi des photos pour vous donner un aper\u00e7u de ce que je fais. R\u00e9fection de fauteuils, chaises, banquettes, canap\u00e9&#8230; A la mani\u00e8re d&rsquo;antan, en crin v\u00e9g\u00e9tal et animal ou \u00e0 la mani\u00e8re moderne, en mousse.<\/p>\n\n\n\n<p>Forte de mon exp\u00e9rience dans les deux domaines, je vous laisse choisir la mati\u00e8re qui garnira vos assises! En fonction d&rsquo;abord du mod\u00e8le \u00e0 refaire (les mod\u00e8les contemporain ne sont souvent pas fait pour \u00eatre restaur\u00e9 en crin), puis en fonction de votre choix.<\/p>\n\n\n\n<ul class=\"wp-block-gallery columns-2 is-cropped wp-block-gallery-2 is-layout-flex wp-block-gallery-is-layout-flex\"><li class=\"blocks-gallery-item\"><figure><img loading=\"lazy\" decoding=\"async\" width=\"563\" height=\"843\" src=\"https:\/\/cl-tapissiere.com\/wp-content\/uploads\/2019\/04\/PART_1516965023768.jpg\" alt=\"\" data-id=\"959\" data-link=\"https:\/\/cl-tapissiere.com\/?attachment_id=959\" class=\"wp-image-959\" srcset=\"https:\/\/cl-tapissiere.com\/wp-content\/uploads\/2019\/04\/PART_1516965023768.jpg 563w, https:\/\/cl-tapissiere.com\/wp-content\/uploads\/2019\/04\/PART_1516965023768-200x300.jpg 200w\" sizes=\"auto, (max-width: 563px) 100vw, 563px\" \/><\/figure><\/li><li class=\"blocks-gallery-item\"><figure><img loading=\"lazy\" decoding=\"async\" width=\"700\" height=\"1049\" src=\"https:\/\/cl-tapissiere.com\/wp-content\/uploads\/2019\/04\/PART_1516965042219-700x1049.jpg\" alt=\"\" data-id=\"960\" data-link=\"https:\/\/cl-tapissiere.com\/?attachment_id=960\" class=\"wp-image-960\" srcset=\"https:\/\/cl-tapissiere.com\/wp-content\/uploads\/2019\/04\/PART_1516965042219-700x1049.jpg 700w, https:\/\/cl-tapissiere.com\/wp-content\/uploads\/2019\/04\/PART_1516965042219-200x300.jpg 200w, https:\/\/cl-tapissiere.com\/wp-content\/uploads\/2019\/04\/PART_1516965042219-768x1151.jpg 768w, https:\/\/cl-tapissiere.com\/wp-content\/uploads\/2019\/04\/PART_1516965042219.jpg 1001w\" sizes=\"auto, (max-width: 700px) 100vw, 700px\" \/><\/figure><\/li><\/ul>\n\n\n\n<figure class=\"wp-block-image\"><img loading=\"lazy\" decoding=\"async\" width=\"700\" height=\"875\" src=\"https:\/\/cl-tapissiere.com\/wp-content\/uploads\/2019\/04\/IMG_20190117_115741_599-700x875.jpg\" alt=\"\" class=\"wp-image-964\" srcset=\"https:\/\/cl-tapissiere.com\/wp-content\/uploads\/2019\/04\/IMG_20190117_115741_599-700x875.jpg 700w, https:\/\/cl-tapissiere.com\/wp-content\/uploads\/2019\/04\/IMG_20190117_115741_599-240x300.jpg 240w, https:\/\/cl-tapissiere.com\/wp-content\/uploads\/2019\/04\/IMG_20190117_115741_599-768x960.jpg 768w\" sizes=\"auto, (max-width: 700px) 100vw, 700px\" \/><\/figure>\n\n\n\n<ul class=\"wp-block-gallery columns-2 is-cropped wp-block-gallery-3 is-layout-flex wp-block-gallery-is-layout-flex\"><li class=\"blocks-gallery-item\"><figure><img loading=\"lazy\" decoding=\"async\" width=\"700\" height=\"875\" src=\"https:\/\/cl-tapissiere.com\/wp-content\/uploads\/2019\/04\/IMG_20190114_173646_000-700x875.jpg\" alt=\"\" data-id=\"962\" data-link=\"https:\/\/cl-tapissiere.com\/?attachment_id=962\" class=\"wp-image-962\" srcset=\"https:\/\/cl-tapissiere.com\/wp-content\/uploads\/2019\/04\/IMG_20190114_173646_000-700x875.jpg 700w, https:\/\/cl-tapissiere.com\/wp-content\/uploads\/2019\/04\/IMG_20190114_173646_000-240x300.jpg 240w, https:\/\/cl-tapissiere.com\/wp-content\/uploads\/2019\/04\/IMG_20190114_173646_000-768x960.jpg 768w\" sizes=\"auto, (max-width: 700px) 100vw, 700px\" \/><\/figure><\/li><li class=\"blocks-gallery-item\"><figure><img loading=\"lazy\" decoding=\"async\" width=\"700\" height=\"875\" src=\"https:\/\/cl-tapissiere.com\/wp-content\/uploads\/2019\/04\/IMG_20190115_122005_299-700x875.jpg\" alt=\"\" data-id=\"963\" data-link=\"https:\/\/cl-tapissiere.com\/?attachment_id=963\" class=\"wp-image-963\" srcset=\"https:\/\/cl-tapissiere.com\/wp-content\/uploads\/2019\/04\/IMG_20190115_122005_299-700x875.jpg 700w, https:\/\/cl-tapissiere.com\/wp-content\/uploads\/2019\/04\/IMG_20190115_122005_299-240x300.jpg 240w, https:\/\/cl-tapissiere.com\/wp-content\/uploads\/2019\/04\/IMG_20190115_122005_299-768x960.jpg 768w\" sizes=\"auto, (max-width: 700px) 100vw, 700px\" \/><\/figure><\/li><\/ul>\n\n\n\n<ul class=\"wp-block-gallery columns-3 is-cropped wp-block-gallery-4 is-layout-flex wp-block-gallery-is-layout-flex\"><li class=\"blocks-gallery-item\"><figure><img loading=\"lazy\" decoding=\"async\" width=\"700\" height=\"934\" src=\"https:\/\/cl-tapissiere.com\/wp-content\/uploads\/2018\/06\/IMG_20180627_162627-700x934.jpg\" alt=\"\" data-id=\"799\" data-link=\"https:\/\/cl-tapissiere.com\/dav-24\/\" class=\"wp-image-799\" srcset=\"https:\/\/cl-tapissiere.com\/wp-content\/uploads\/2018\/06\/IMG_20180627_162627-700x934.jpg 700w, https:\/\/cl-tapissiere.com\/wp-content\/uploads\/2018\/06\/IMG_20180627_162627-225x300.jpg 225w, https:\/\/cl-tapissiere.com\/wp-content\/uploads\/2018\/06\/IMG_20180627_162627-768x1025.jpg 768w\" sizes=\"auto, (max-width: 700px) 100vw, 700px\" \/><\/figure><\/li><li class=\"blocks-gallery-item\"><figure><img loading=\"lazy\" decoding=\"async\" width=\"700\" height=\"700\" src=\"https:\/\/cl-tapissiere.com\/wp-content\/uploads\/2018\/05\/IMG_20180307_155314_011-700x700.jpg\" alt=\" \" data-id=\"761\" data-link=\"https:\/\/cl-tapissiere.com\/img_20180307_155314_011\/\" class=\"wp-image-761\" srcset=\"https:\/\/cl-tapissiere.com\/wp-content\/uploads\/2018\/05\/IMG_20180307_155314_011-700x700.jpg 700w, https:\/\/cl-tapissiere.com\/wp-content\/uploads\/2018\/05\/IMG_20180307_155314_011-150x150.jpg 150w, https:\/\/cl-tapissiere.com\/wp-content\/uploads\/2018\/05\/IMG_20180307_155314_011-300x300.jpg 300w, https:\/\/cl-tapissiere.com\/wp-content\/uploads\/2018\/05\/IMG_20180307_155314_011-768x768.jpg 768w, https:\/\/cl-tapissiere.com\/wp-content\/uploads\/2018\/05\/IMG_20180307_155314_011.jpg 1080w\" sizes=\"auto, (max-width: 700px) 100vw, 700px\" \/><\/figure><\/li><li class=\"blocks-gallery-item\"><figure><img loading=\"lazy\" decoding=\"async\" width=\"700\" height=\"935\" src=\"https:\/\/cl-tapissiere.com\/wp-content\/uploads\/2018\/03\/chaise-trop-700x935.jpg\" alt=\" \" data-id=\"708\" data-link=\"https:\/\/cl-tapissiere.com\/nor-11\/\" class=\"wp-image-708\" srcset=\"https:\/\/cl-tapissiere.com\/wp-content\/uploads\/2018\/03\/chaise-trop-700x935.jpg 700w, https:\/\/cl-tapissiere.com\/wp-content\/uploads\/2018\/03\/chaise-trop-225x300.jpg 225w, https:\/\/cl-tapissiere.com\/wp-content\/uploads\/2018\/03\/chaise-trop-768x1025.jpg 768w, https:\/\/cl-tapissiere.com\/wp-content\/uploads\/2018\/03\/chaise-trop.jpg 1134w\" sizes=\"auto, (max-width: 700px) 100vw, 700px\" \/><\/figure><\/li><\/ul>\n\n\n\n<figure class=\"wp-block-image\"><img loading=\"lazy\" decoding=\"async\" width=\"700\" height=\"467\" src=\"https:\/\/cl-tapissiere.com\/wp-content\/uploads\/2017\/03\/cloth-1835894-700x467.jpg\" alt=\"\" class=\"wp-image-210\"\/><\/figure>\n\n\n\n<ul class=\"wp-block-gallery columns-3 is-cropped wp-block-gallery-5 is-layout-flex wp-block-gallery-is-layout-flex\"><li class=\"blocks-gallery-item\"><figure><img loading=\"lazy\" decoding=\"async\" width=\"700\" height=\"933\" src=\"https:\/\/cl-tapissiere.com\/wp-content\/uploads\/2018\/05\/IMG_20180416_190115-2-700x933.jpg\" alt=\" \" data-id=\"733\" data-link=\"https:\/\/cl-tapissiere.com\/bty-11\/\" class=\"wp-image-733\" srcset=\"https:\/\/cl-tapissiere.com\/wp-content\/uploads\/2018\/05\/IMG_20180416_190115-2-700x933.jpg 700w, https:\/\/cl-tapissiere.com\/wp-content\/uploads\/2018\/05\/IMG_20180416_190115-2-225x300.jpg 225w, https:\/\/cl-tapissiere.com\/wp-content\/uploads\/2018\/05\/IMG_20180416_190115-2-768x1024.jpg 768w\" sizes=\"auto, (max-width: 700px) 100vw, 700px\" \/><\/figure><\/li><li class=\"blocks-gallery-item\"><figure><img loading=\"lazy\" decoding=\"async\" width=\"700\" height=\"851\" src=\"https:\/\/cl-tapissiere.com\/wp-content\/uploads\/2017\/08\/DSC_6425-700x851.jpg\" alt=\" \" data-id=\"493\" data-link=\"https:\/\/cl-tapissiere.com\/dsc_6425\/\" class=\"wp-image-493\" srcset=\"https:\/\/cl-tapissiere.com\/wp-content\/uploads\/2017\/08\/DSC_6425-700x851.jpg 700w, https:\/\/cl-tapissiere.com\/wp-content\/uploads\/2017\/08\/DSC_6425-247x300.jpg 247w, https:\/\/cl-tapissiere.com\/wp-content\/uploads\/2017\/08\/DSC_6425-768x934.jpg 768w\" sizes=\"auto, (max-width: 700px) 100vw, 700px\" \/><\/figure><\/li><li class=\"blocks-gallery-item\"><figure><img loading=\"lazy\" decoding=\"async\" width=\"700\" height=\"933\" src=\"https:\/\/cl-tapissiere.com\/wp-content\/uploads\/2017\/12\/canap\u00e9-en-cours8-700x933.jpg\" alt=\" \" data-id=\"688\" data-link=\"https:\/\/cl-tapissiere.com\/dav-15\/\" class=\"wp-image-688\" srcset=\"https:\/\/cl-tapissiere.com\/wp-content\/uploads\/2017\/12\/canap\u00e9-en-cours8-700x933.jpg 700w, https:\/\/cl-tapissiere.com\/wp-content\/uploads\/2017\/12\/canap\u00e9-en-cours8-225x300.jpg 225w, https:\/\/cl-tapissiere.com\/wp-content\/uploads\/2017\/12\/canap\u00e9-en-cours8-768x1024.jpg 768w\" sizes=\"auto, (max-width: 700px) 100vw, 700px\" \/><\/figure><\/li><\/ul>\n\n\n\n<ul class=\"wp-block-gallery columns-3 is-cropped wp-block-gallery-6 is-layout-flex wp-block-gallery-is-layout-flex\"><li class=\"blocks-gallery-item\"><figure><img loading=\"lazy\" decoding=\"async\" width=\"700\" height=\"1050\" src=\"https:\/\/cl-tapissiere.com\/wp-content\/uploads\/2017\/03\/IMG_9774-e1490206145982-700x1050.jpg\" alt=\" \" data-id=\"222\" data-link=\"https:\/\/cl-tapissiere.com\/index.php\/pendant-ce-temps-a-latelier\/img_9774\/\" class=\"wp-image-222\" srcset=\"https:\/\/cl-tapissiere.com\/wp-content\/uploads\/2017\/03\/IMG_9774-e1490206145982-700x1050.jpg 700w, https:\/\/cl-tapissiere.com\/wp-content\/uploads\/2017\/03\/IMG_9774-e1490206145982-200x300.jpg 200w, https:\/\/cl-tapissiere.com\/wp-content\/uploads\/2017\/03\/IMG_9774-e1490206145982-768x1152.jpg 768w\" sizes=\"auto, (max-width: 700px) 100vw, 700px\" \/><\/figure><\/li><li class=\"blocks-gallery-item\"><figure><img loading=\"lazy\" decoding=\"async\" width=\"700\" height=\"712\" src=\"https:\/\/cl-tapissiere.com\/wp-content\/uploads\/2017\/08\/IMG_9819-2-Copie-700x712.jpg\" alt=\" \" data-id=\"530\" data-link=\"https:\/\/cl-tapissiere.com\/img_9819-2-copie\/\" class=\"wp-image-530\" srcset=\"https:\/\/cl-tapissiere.com\/wp-content\/uploads\/2017\/08\/IMG_9819-2-Copie-700x712.jpg 700w, https:\/\/cl-tapissiere.com\/wp-content\/uploads\/2017\/08\/IMG_9819-2-Copie-295x300.jpg 295w, https:\/\/cl-tapissiere.com\/wp-content\/uploads\/2017\/08\/IMG_9819-2-Copie-768x781.jpg 768w\" sizes=\"auto, (max-width: 700px) 100vw, 700px\" \/><\/figure><\/li><li class=\"blocks-gallery-item\"><figure><img loading=\"lazy\" decoding=\"async\" width=\"700\" height=\"1050\" src=\"https:\/\/cl-tapissiere.com\/wp-content\/uploads\/2017\/03\/IMG_9689-e1490205754925-700x1050.jpg\" alt=\" \" data-id=\"220\" data-link=\"https:\/\/cl-tapissiere.com\/index.php\/pendant-ce-temps-a-latelier\/img_9689\/\" class=\"wp-image-220\" srcset=\"https:\/\/cl-tapissiere.com\/wp-content\/uploads\/2017\/03\/IMG_9689-e1490205754925-700x1050.jpg 700w, https:\/\/cl-tapissiere.com\/wp-content\/uploads\/2017\/03\/IMG_9689-e1490205754925-200x300.jpg 200w, https:\/\/cl-tapissiere.com\/wp-content\/uploads\/2017\/03\/IMG_9689-e1490205754925-768x1152.jpg 768w\" sizes=\"auto, (max-width: 700px) 100vw, 700px\" \/><\/figure><\/li><\/ul>\n","protected":false},"excerpt":{"rendered":"<p>Dans mon atelier, je refais, je tends, je cloute, j\u2019agrafe, je couds et parfois, je prends aussi des photos pour vous donner un aper\u00e7u de ce que je fais. R\u00e9fection de fauteuils, chaises, banquettes, canap\u00e9&#8230; A la mani\u00e8re d&rsquo;antan, en crin v\u00e9g\u00e9tal et animal ou \u00e0 la mani\u00e8re moderne, en mousse. Forte de mon exp\u00e9rience [&hellip;]<\/p>\n","protected":false},"author":1,"featured_media":0,"parent":0,"menu_order":0,"comment_status":"closed","ping_status":"closed","template":"","meta":{"footnotes":""},"class_list":["post-958","page","type-page","status-publish","entry"],"_links":{"self":[{"href":"https:\/\/cl-tapissiere.com\/index.php\/wp-json\/wp\/v2\/pages\/958","targetHints":{"allow":["GET"]}}],"collection":[{"href":"https:\/\/cl-tapissiere.com\/index.php\/wp-json\/wp\/v2\/pages"}],"about":[{"href":"https:\/\/cl-tapissiere.com\/index.php\/wp-json\/wp\/v2\/types\/page"}],"author":[{"embeddable":true,"href":"https:\/\/cl-tapissiere.com\/index.php\/wp-json\/wp\/v2\/users\/1"}],"replies":[{"embeddable":true,"href":"https:\/\/cl-tapissiere.com\/index.php\/wp-json\/wp\/v2\/comments?post=958"}],"version-history":[{"count":2,"href":"https:\/\/cl-tapissiere.com\/index.php\/wp-json\/wp\/v2\/pages\/958\/revisions"}],"predecessor-version":[{"id":972,"href":"https:\/\/cl-tapissiere.com\/index.php\/wp-json\/wp\/v2\/pages\/958\/revisions\/972"}],"wp:attachment":[{"href":"https:\/\/cl-tapissiere.com\/index.php\/wp-json\/wp\/v2\/media?parent=958"}],"curies":[{"name":"wp","href":"https:\/\/api.w.org\/{rel}","templated":true}]}}