{"id":844,"date":"2019-04-17T16:46:52","date_gmt":"2019-04-17T14:46:52","guid":{"rendered":"http:\/\/cl-tapissiere.com\/?page_id=844"},"modified":"2024-06-28T12:06:42","modified_gmt":"2024-06-28T10:06:42","slug":"creation","status":"publish","type":"page","link":"https:\/\/cl-tapissiere.com\/index.php\/creation\/","title":{"rendered":"CR\u00c9ATION"},"content":{"rendered":"\n<p>Collaboration avec l&rsquo;artiste toulousain Gauthier Genet.<\/p>\n\n\n\n<p>Cr\u00e9ation de cinq galettes triangle en mousse haute r\u00e9silience. Couverture en laine recycl\u00e9e bleu p\u00e9trole.<\/p>\n\n\n\n<p>Pieds en fer forg\u00e9, bomb\u00e9s (bombe a\u00e9rosol) gris anthracite.<\/p>\n\n\n\n<p>Design by Gauthier Genet.<\/p>\n\n\n\n<figure class=\"wp-block-gallery has-nested-images columns-default is-cropped wp-block-gallery-1 is-layout-flex wp-block-gallery-is-layout-flex\">\n<figure class=\"wp-block-image\"><img loading=\"lazy\" decoding=\"async\" width=\"700\" height=\"933\" data-id=\"846\" src=\"https:\/\/cl-tapissiere.com\/wp-content\/uploads\/2019\/04\/IMG_20181011_150154-700x933.jpg\" alt=\"\" class=\"wp-image-846\" srcset=\"https:\/\/cl-tapissiere.com\/wp-content\/uploads\/2019\/04\/IMG_20181011_150154-700x933.jpg 700w, https:\/\/cl-tapissiere.com\/wp-content\/uploads\/2019\/04\/IMG_20181011_150154-225x300.jpg 225w, https:\/\/cl-tapissiere.com\/wp-content\/uploads\/2019\/04\/IMG_20181011_150154-768x1024.jpg 768w\" sizes=\"auto, (max-width: 700px) 100vw, 700px\" \/><\/figure>\n<\/figure>\n\n\n\n<figure class=\"wp-block-gallery has-nested-images columns-default is-cropped wp-block-gallery-2 is-layout-flex wp-block-gallery-is-layout-flex\">\n<figure class=\"wp-block-image\"><img loading=\"lazy\" decoding=\"async\" width=\"700\" height=\"933\" data-id=\"850\" src=\"https:\/\/cl-tapissiere.com\/wp-content\/uploads\/2019\/04\/IMG_20181011_121521-1-700x933.jpg\" alt=\"\" class=\"wp-image-850\" srcset=\"https:\/\/cl-tapissiere.com\/wp-content\/uploads\/2019\/04\/IMG_20181011_121521-1-700x933.jpg 700w, https:\/\/cl-tapissiere.com\/wp-content\/uploads\/2019\/04\/IMG_20181011_121521-1-225x300.jpg 225w, https:\/\/cl-tapissiere.com\/wp-content\/uploads\/2019\/04\/IMG_20181011_121521-1-768x1024.jpg 768w\" sizes=\"auto, (max-width: 700px) 100vw, 700px\" \/><\/figure>\n\n\n\n<figure class=\"wp-block-image\"><img loading=\"lazy\" decoding=\"async\" width=\"700\" height=\"933\" data-id=\"851\" src=\"https:\/\/cl-tapissiere.com\/wp-content\/uploads\/2019\/04\/IMG_20181011_150054-2-700x933.jpg\" alt=\"\" class=\"wp-image-851\" srcset=\"https:\/\/cl-tapissiere.com\/wp-content\/uploads\/2019\/04\/IMG_20181011_150054-2-700x933.jpg 700w, https:\/\/cl-tapissiere.com\/wp-content\/uploads\/2019\/04\/IMG_20181011_150054-2-225x300.jpg 225w, https:\/\/cl-tapissiere.com\/wp-content\/uploads\/2019\/04\/IMG_20181011_150054-2-768x1024.jpg 768w\" sizes=\"auto, (max-width: 700px) 100vw, 700px\" \/><\/figure>\n\n\n\n<figure class=\"wp-block-image\"><img loading=\"lazy\" decoding=\"async\" width=\"700\" height=\"933\" data-id=\"852\" src=\"https:\/\/cl-tapissiere.com\/wp-content\/uploads\/2019\/04\/IMG_20181011_150307-700x933.jpg\" alt=\"\" class=\"wp-image-852\" srcset=\"https:\/\/cl-tapissiere.com\/wp-content\/uploads\/2019\/04\/IMG_20181011_150307-700x933.jpg 700w, https:\/\/cl-tapissiere.com\/wp-content\/uploads\/2019\/04\/IMG_20181011_150307-225x300.jpg 225w, https:\/\/cl-tapissiere.com\/wp-content\/uploads\/2019\/04\/IMG_20181011_150307-768x1024.jpg 768w\" sizes=\"auto, (max-width: 700px) 100vw, 700px\" \/><\/figure>\n\n\n\n<figure class=\"wp-block-image\"><img loading=\"lazy\" decoding=\"async\" width=\"700\" height=\"875\" data-id=\"853\" src=\"https:\/\/cl-tapissiere.com\/wp-content\/uploads\/2019\/04\/IMG_20181009_125917_573-700x875.jpg\" alt=\"\" class=\"wp-image-853\" srcset=\"https:\/\/cl-tapissiere.com\/wp-content\/uploads\/2019\/04\/IMG_20181009_125917_573-700x875.jpg 700w, https:\/\/cl-tapissiere.com\/wp-content\/uploads\/2019\/04\/IMG_20181009_125917_573-240x300.jpg 240w, https:\/\/cl-tapissiere.com\/wp-content\/uploads\/2019\/04\/IMG_20181009_125917_573-768x960.jpg 768w\" sizes=\"auto, (max-width: 700px) 100vw, 700px\" \/><\/figure>\n\n\n\n<figure class=\"wp-block-image\"><img loading=\"lazy\" decoding=\"async\" width=\"700\" height=\"933\" data-id=\"854\" src=\"https:\/\/cl-tapissiere.com\/wp-content\/uploads\/2019\/04\/IMG_20181009_190321-700x933.jpg\" alt=\"\" class=\"wp-image-854\" srcset=\"https:\/\/cl-tapissiere.com\/wp-content\/uploads\/2019\/04\/IMG_20181009_190321-700x933.jpg 700w, https:\/\/cl-tapissiere.com\/wp-content\/uploads\/2019\/04\/IMG_20181009_190321-225x300.jpg 225w, https:\/\/cl-tapissiere.com\/wp-content\/uploads\/2019\/04\/IMG_20181009_190321-768x1024.jpg 768w\" sizes=\"auto, (max-width: 700px) 100vw, 700px\" \/><\/figure>\n\n\n\n<figure class=\"wp-block-image\"><img loading=\"lazy\" decoding=\"async\" width=\"700\" height=\"934\" data-id=\"855\" src=\"https:\/\/cl-tapissiere.com\/wp-content\/uploads\/2019\/04\/IMG_20181011_152814-700x934.jpg\" alt=\"\" class=\"wp-image-855\" srcset=\"https:\/\/cl-tapissiere.com\/wp-content\/uploads\/2019\/04\/IMG_20181011_152814-700x934.jpg 700w, https:\/\/cl-tapissiere.com\/wp-content\/uploads\/2019\/04\/IMG_20181011_152814-225x300.jpg 225w, https:\/\/cl-tapissiere.com\/wp-content\/uploads\/2019\/04\/IMG_20181011_152814-768x1024.jpg 768w\" sizes=\"auto, (max-width: 700px) 100vw, 700px\" \/><\/figure>\n<\/figure>\n","protected":false},"excerpt":{"rendered":"<p>Collaboration avec l&rsquo;artiste toulousain Gauthier Genet. Cr\u00e9ation de cinq galettes triangle en mousse haute r\u00e9silience. Couverture en laine recycl\u00e9e bleu p\u00e9trole. Pieds en fer forg\u00e9, bomb\u00e9s (bombe a\u00e9rosol) gris anthracite. Design by Gauthier Genet.<\/p>\n","protected":false},"author":1,"featured_media":0,"parent":0,"menu_order":0,"comment_status":"closed","ping_status":"closed","template":"","meta":{"footnotes":""},"class_list":["post-844","page","type-page","status-publish","entry"],"_links":{"self":[{"href":"https:\/\/cl-tapissiere.com\/index.php\/wp-json\/wp\/v2\/pages\/844","targetHints":{"allow":["GET"]}}],"collection":[{"href":"https:\/\/cl-tapissiere.com\/index.php\/wp-json\/wp\/v2\/pages"}],"about":[{"href":"https:\/\/cl-tapissiere.com\/index.php\/wp-json\/wp\/v2\/types\/page"}],"author":[{"embeddable":true,"href":"https:\/\/cl-tapissiere.com\/index.php\/wp-json\/wp\/v2\/users\/1"}],"replies":[{"embeddable":true,"href":"https:\/\/cl-tapissiere.com\/index.php\/wp-json\/wp\/v2\/comments?post=844"}],"version-history":[{"count":2,"href":"https:\/\/cl-tapissiere.com\/index.php\/wp-json\/wp\/v2\/pages\/844\/revisions"}],"predecessor-version":[{"id":1161,"href":"https:\/\/cl-tapissiere.com\/index.php\/wp-json\/wp\/v2\/pages\/844\/revisions\/1161"}],"wp:attachment":[{"href":"https:\/\/cl-tapissiere.com\/index.php\/wp-json\/wp\/v2\/media?parent=844"}],"curies":[{"name":"wp","href":"https:\/\/api.w.org\/{rel}","templated":true}]}}