{"id":121,"date":"2017-03-19T18:02:33","date_gmt":"2017-03-19T17:02:33","guid":{"rendered":"http:\/\/cl-tapissiere.com\/?page_id=121"},"modified":"2019-04-17T16:49:48","modified_gmt":"2019-04-17T14:49:48","slug":"pendant-ce-temps-a-latelier","status":"publish","type":"page","link":"https:\/\/cl-tapissiere.com\/index.php\/pendant-ce-temps-a-latelier\/","title":{"rendered":"PENDANT CE TEMPS A L&rsquo;ATELIER"},"content":{"rendered":"<p>Dans mon atelier, je refais, je tends, je cloute, j\u2019agrafe, je couds et parfois, je prends aussi des photos pour vous donner un aper\u00e7u de ce que je fais. R\u00e9fection de fauteuils, chaises, banquettes, canap\u00e9&#8230; A la mani\u00e8re d&rsquo;antan, en crin v\u00e9g\u00e9tal et animal ou \u00e0 la mani\u00e8re moderne, en mousse.<\/p>\n<p>Forte de mon exp\u00e9rience dans les deux domaines, je vous laisse choisir la mati\u00e8re qui garnira vos assises! En fonction d&rsquo;abord du mod\u00e8le \u00e0 refaire (les mod\u00e8les contemporain ne sont souvent pas fait pour \u00eatre restaur\u00e9 en crin), puis en fonction de votre choix.<\/p>\n<div id=\"grid-gallery-10-70074\" data-gg-id=\"10\" data-title=\"pdt ce temps \u00e0 l&amp;#039;atelier\" data-grid-type=\"2\" data-offset=\"5.3\" data-area-position=\"center\" data-icons=\"\" data-preloader=\"true\" data-width=\"auto\" data-height=\"350\" data-padding=\"0\" data-quicksand=\"disabled\" data-quicksand-duration=\"none\" data-popup-theme=\"theme_6\" data-popup-type=\"pretty-photo\" data-popup-image-text=\"data-description\" data-popup-widthsize=\"auto\" data-popup-heightsize=\"auto\" data-popup-i18n-words=\"{&quot;close&quot;:&quot;fermer&quot;,&quot;next&quot;:&quot;suivant&quot;,&quot;previous&quot;:&quot;pr\\u00e9c\\u00e9dent&quot;,&quot;start_slideshow&quot;:&quot;d\\u00e9marrer le diaporama&quot;,&quot;stop_slideshow&quot;:&quot;arr\\u00e9ter le diaporama&quot;,&quot;image&quot;:&quot;image&quot;,&quot;of&quot;:&quot;de&quot;,&quot;prev&quot;:&quot;pr\\u00e9c.&quot;,&quot;cExpand&quot;:&quot;Agrandir&quot;,&quot;cPrevious&quot;:&quot;Pr\\u00e9c\\u00e9dent&quot;,&quot;cNext&quot;:&quot;Suivant&quot;,&quot;cExpandStr&quot;:&quot;Agrandir l&#039;image&quot;,&quot;cRotate&quot;:&quot;Pivoter&quot;,&quot;cDetails&quot;:&quot;Details&quot;}\" data-popup-slideshow=\"false\" data-popup-slideshow-speed=\"2500\" data-popup-hoverstop=\"false\" data-popup-slideshow-auto=\"false\" data-popup-background=\"\" data-popup-transparency=\"30\" data-popup-disable-history=\"\" data-popup-disable-changed-url=\"\" data-popup-border-type=\"\" data-popup-border-color=\"\" data-popup-border-width=\"\" data-popup-border-enable=\"\" data-fullscreen=\"true\" data-hide-tooltip=\"false\" data-caption-font-family=\"Default\" data-caption-text-size=\"140\" data-is-mobile=\"0\" data-caption-mobile=\"false\" data-hide-long-tltp-title=\"0\" data-caption-disabled-on-mobile=\"false\" data-popup-placement-type=\"0\" data-social-sharing=\"{&quot;enabled&quot;:&quot;&quot;,&quot;gallerySharing&quot;:{&quot;enabled&quot;:null,&quot;position&quot;:null},&quot;imageSharing&quot;:{&quot;enabled&quot;:null,&quot;wrapperClass&quot;:&quot; vertical &quot;},&quot;popupSharing&quot;:{&quot;enabled&quot;:null,&quot;wrapperClass&quot;:&quot; vertical &quot;}}\" class=\"grid-gallery grid-gallery-fixed \" style=\" width:100%; height:auto; margin-left:auto; margin-right:auto;position:relative;\"> <div class=\"gallery-loading\"> <div class=\"blocks\"> <div class=\"block\"><\/div> <div class=\"block\"><\/div> <div class=\"block\"><\/div> <div class=\"block\"><\/div> <\/div> <\/div> <div class=\"gallery-sharing-top\" style=\"display:none;\"> <\/div> <div id=\"photos-10\" class=\"grid-gallery-photos\"><FIGURE class=\"grid-gallery-caption\" data-grid-gallery-type=\"quarter-two-step\" data-index=\"0\" style=\"display:none;border-radius:00;; margin:2.65px; height:3500; width:auto;\" ><div class=\"crop\" style=\"\"><img decoding=\"async\" src=\"http:\/\/cl-tapissiere.com\/wp-content\/uploads\/2018\/05\/IMG_20180307_155314_011-350x350.jpg\" class=\"ggImg ggNotInitImg\" alt=\"IMG_20180307_155314_011\" title=\"IMG_20180307_155314_011\" data-description=\"IMG_20180307_155314_011\" data-caption=\"IMG_20180307_155314_011\" data-title=\"IMG_20180307_155314_011\" style=\" height:350px; width:auto;\" \/><\/div><FIGCAPTION class=\"\" data-alpha=\"5\" style=\"color:#ffffff; background-color:#0c0000; font-size:140; text-align:left; font-family:Default;\" ><div class=\"grid-gallery-figcaption-wrap\" style=\"\"><\/div><\/FIGCAPTION><\/FIGURE><FIGURE class=\"grid-gallery-caption\" data-grid-gallery-type=\"quarter-two-step\" data-index=\"1\" style=\"display:none;border-radius:00;; margin:2.65px; height:3500; width:auto;\" ><div class=\"crop\" style=\"\"><img decoding=\"async\" src=\"http:\/\/cl-tapissiere.com\/wp-content\/uploads\/2018\/05\/IMG_20180405_161810-2-263x350.jpg\" class=\"ggImg ggNotInitImg\" alt=\"nor\" title=\"nor\" data-description=\"nor\" data-caption=\"nor\" data-title=\"nor\" style=\" height:350px; width:auto;\" \/><\/div><FIGCAPTION class=\"\" data-alpha=\"5\" style=\"color:#ffffff; background-color:#0c0000; font-size:140; text-align:left; font-family:Default;\" ><div class=\"grid-gallery-figcaption-wrap\" style=\"\"><\/div><\/FIGCAPTION><\/FIGURE><FIGURE class=\"grid-gallery-caption\" data-grid-gallery-type=\"quarter-two-step\" data-index=\"2\" style=\"display:none;border-radius:00;; margin:2.65px; height:3500; width:auto;\" ><div class=\"crop\" style=\"\"><img decoding=\"async\" src=\"http:\/\/cl-tapissiere.com\/wp-content\/uploads\/2018\/05\/IMG_20180413_120503_217-2-350x350.jpg\" class=\"ggImg ggNotInitImg\" alt=\"IMG_20180413_120503_217 (2)\" title=\"IMG_20180413_120503_217 (2)\" data-description=\"IMG_20180413_120503_217 (2)\" data-caption=\"IMG_20180413_120503_217 (2)\" data-title=\"IMG_20180413_120503_217 (2)\" style=\" height:350px; width:auto;\" \/><\/div><FIGCAPTION class=\"\" data-alpha=\"5\" style=\"color:#ffffff; background-color:#0c0000; font-size:140; text-align:left; font-family:Default;\" ><div class=\"grid-gallery-figcaption-wrap\" style=\"\"><\/div><\/FIGCAPTION><\/FIGURE><FIGURE class=\"grid-gallery-caption\" data-grid-gallery-type=\"quarter-two-step\" data-index=\"3\" style=\"display:none;border-radius:00;; margin:2.65px; height:3500; width:auto;\" ><div class=\"crop\" style=\"\"><img decoding=\"async\" src=\"http:\/\/cl-tapissiere.com\/wp-content\/uploads\/2017\/03\/16938792_792670917547895_7932022173760979099_n-350x350.jpg\" class=\"ggImg ggNotInitImg\" alt=\"16938792_792670917547895_7932022173760979099_n\" title=\"16938792_792670917547895_7932022173760979099_n\" data-description=\"16938792_792670917547895_7932022173760979099_n\" data-caption=\"Le d\u00e9mant\u00e8lement!\" data-title=\"16938792_792670917547895_7932022173760979099_n\" style=\" height:350px; width:auto;\" \/><\/div><FIGCAPTION class=\"\" data-alpha=\"5\" style=\"color:#ffffff; background-color:#0c0000; font-size:140; text-align:left; font-family:Default;\" ><div class=\"grid-gallery-figcaption-wrap\" style=\"\"><\/div><\/FIGCAPTION><\/FIGURE><FIGURE class=\"grid-gallery-caption\" data-grid-gallery-type=\"quarter-two-step\" data-index=\"4\" style=\"display:none;border-radius:00;; margin:2.65px; height:3500; width:auto;\" ><div class=\"crop\" style=\"\"><img decoding=\"async\" src=\"http:\/\/cl-tapissiere.com\/wp-content\/uploads\/2017\/08\/DSC_6425-288x350.jpg\" class=\"ggImg ggNotInitImg\" alt=\"DSC_6425\" title=\"DSC_6425\" data-description=\"DSC_6425\" data-caption=\"DSC_6425\" data-title=\"DSC_6425\" style=\" height:350px; width:auto;\" \/><\/div><FIGCAPTION class=\"\" data-alpha=\"5\" style=\"color:#ffffff; background-color:#0c0000; font-size:140; text-align:left; font-family:Default;\" ><div class=\"grid-gallery-figcaption-wrap\" style=\"\"><\/div><\/FIGCAPTION><\/FIGURE><FIGURE class=\"grid-gallery-caption\" data-grid-gallery-type=\"quarter-two-step\" data-index=\"5\" style=\"display:none;border-radius:00;; margin:2.65px; height:3500; width:auto;\" ><div class=\"crop\" style=\"\"><img decoding=\"async\" src=\"http:\/\/cl-tapissiere.com\/wp-content\/uploads\/2017\/03\/IMG_9774-e1490206145982-233x350.jpg\" class=\"ggImg ggNotInitImg\" alt=\"IMG_9774\" title=\"IMG_9774\" data-description=\"IMG_9774\" data-caption=\"manchette\" data-title=\"IMG_9774\" style=\" height:350px; width:auto;\" \/><\/div><FIGCAPTION class=\"\" data-alpha=\"5\" style=\"color:#ffffff; background-color:#0c0000; font-size:140; text-align:left; font-family:Default;\" ><div class=\"grid-gallery-figcaption-wrap\" style=\"\"><\/div><\/FIGCAPTION><\/FIGURE><FIGURE class=\"grid-gallery-caption\" data-grid-gallery-type=\"quarter-two-step\" data-index=\"6\" style=\"display:none;border-radius:00;; margin:2.65px; height:3500; width:auto;\" ><div class=\"crop\" style=\"\"><img decoding=\"async\" src=\"http:\/\/cl-tapissiere.com\/wp-content\/uploads\/2018\/05\/IMG_20180413_134923-2-263x350.jpg\" class=\"ggImg ggNotInitImg\" alt=\"bty\" title=\"bty\" data-description=\"bty\" data-caption=\"bty\" data-title=\"bty\" style=\" height:350px; width:auto;\" \/><\/div><FIGCAPTION class=\"\" data-alpha=\"5\" style=\"color:#ffffff; background-color:#0c0000; font-size:140; text-align:left; font-family:Default;\" ><div class=\"grid-gallery-figcaption-wrap\" style=\"\"><\/div><\/FIGCAPTION><\/FIGURE><FIGURE class=\"grid-gallery-caption\" data-grid-gallery-type=\"quarter-two-step\" data-index=\"7\" style=\"display:none;border-radius:00;; margin:2.65px; height:3500; width:auto;\" ><div class=\"crop\" style=\"\"><img decoding=\"async\" src=\"http:\/\/cl-tapissiere.com\/wp-content\/uploads\/2016\/10\/cab2-286x350.jpg\" class=\"ggImg ggNotInitImg\" alt=\"cab2\" title=\"cab2\" data-description=\"cab2\" data-caption=\"carcasse d\u00e9cap\u00e9e et ponc\u00e9e\" data-title=\"cab2\" style=\" height:350px; width:auto;\" \/><\/div><FIGCAPTION class=\"\" data-alpha=\"5\" style=\"color:#ffffff; background-color:#0c0000; font-size:140; text-align:left; font-family:Default;\" ><div class=\"grid-gallery-figcaption-wrap\" style=\"\"><\/div><\/FIGCAPTION><\/FIGURE><FIGURE class=\"grid-gallery-caption\" data-grid-gallery-type=\"quarter-two-step\" data-index=\"8\" style=\"display:none;border-radius:00;; margin:2.65px; height:3500; width:auto;\" ><div class=\"crop\" style=\"\"><img decoding=\"async\" src=\"http:\/\/cl-tapissiere.com\/wp-content\/uploads\/2017\/03\/IMG_9772-e1490205897332-233x350.jpg\" class=\"ggImg ggNotInitImg\" alt=\"IMG_9772\" title=\"IMG_9772\" data-description=\"IMG_9772\" data-caption=\"pose des ressorts\" data-title=\"IMG_9772\" style=\" height:350px; width:auto;\" \/><\/div><FIGCAPTION class=\"\" data-alpha=\"5\" style=\"color:#ffffff; background-color:#0c0000; font-size:140; text-align:left; font-family:Default;\" ><div class=\"grid-gallery-figcaption-wrap\" style=\"\"><\/div><\/FIGCAPTION><\/FIGURE><FIGURE class=\"grid-gallery-caption\" data-grid-gallery-type=\"quarter-two-step\" data-index=\"9\" style=\"display:none;border-radius:00;; margin:2.65px; height:3500; width:auto;\" ><div class=\"crop\" style=\"\"><img decoding=\"async\" src=\"http:\/\/cl-tapissiere.com\/wp-content\/uploads\/2018\/05\/IMG_20180416_190115-2-263x350.jpg\" class=\"ggImg ggNotInitImg\" alt=\"bty\" title=\"bty\" data-description=\"bty\" data-caption=\"bty\" data-title=\"bty\" style=\" height:350px; width:auto;\" \/><\/div><FIGCAPTION class=\"\" data-alpha=\"5\" style=\"color:#ffffff; background-color:#0c0000; font-size:140; text-align:left; font-family:Default;\" ><div class=\"grid-gallery-figcaption-wrap\" style=\"\"><\/div><\/FIGCAPTION><\/FIGURE><FIGURE class=\"grid-gallery-caption\" data-grid-gallery-type=\"quarter-two-step\" data-index=\"10\" style=\"display:none;border-radius:00;; margin:2.65px; height:3500; width:auto;\" ><div class=\"crop\" style=\"\"><img decoding=\"async\" src=\"http:\/\/cl-tapissiere.com\/wp-content\/uploads\/2017\/08\/IMG_9781-e1503559387285-233x350.jpg\" class=\"ggImg ggNotInitImg\" alt=\"IMG_9781\" title=\"IMG_9781\" data-description=\"IMG_9781\" data-caption=\"guindage\" data-title=\"IMG_9781\" style=\" height:350px; width:auto;\" \/><\/div><FIGCAPTION class=\"\" data-alpha=\"5\" style=\"color:#ffffff; background-color:#0c0000; font-size:140; text-align:left; font-family:Default;\" ><div class=\"grid-gallery-figcaption-wrap\" style=\"\"><\/div><\/FIGCAPTION><\/FIGURE><FIGURE class=\"grid-gallery-caption\" data-grid-gallery-type=\"quarter-two-step\" data-index=\"11\" style=\"display:none;border-radius:00;; margin:2.65px; height:3500; width:auto;\" ><div class=\"crop\" style=\"\"><img decoding=\"async\" src=\"http:\/\/cl-tapissiere.com\/wp-content\/uploads\/2017\/03\/IMG_9689-e1490205754925-233x350.jpg\" class=\"ggImg ggNotInitImg\" alt=\"IMG_9689\" title=\"IMG_9689\" data-description=\"IMG_9689\" data-caption=\"IMG_9689\" data-title=\"IMG_9689\" style=\" height:350px; width:auto;\" \/><\/div><FIGCAPTION class=\"\" data-alpha=\"5\" style=\"color:#ffffff; background-color:#0c0000; font-size:140; text-align:left; font-family:Default;\" ><div class=\"grid-gallery-figcaption-wrap\" style=\"\"><\/div><\/FIGCAPTION><\/FIGURE><FIGURE class=\"grid-gallery-caption\" data-grid-gallery-type=\"quarter-two-step\" data-index=\"12\" style=\"display:none;border-radius:00;; margin:2.65px; height:3500; width:auto;\" ><div class=\"crop\" style=\"\"><img decoding=\"async\" src=\"http:\/\/cl-tapissiere.com\/wp-content\/uploads\/2016\/10\/cab3-242x350.jpg\" class=\"ggImg ggNotInitImg\" alt=\"cab3\" title=\"cab3\" data-description=\"cab3\" data-caption=\"rabattage\" data-title=\"cab3\" style=\" height:350px; width:auto;\" \/><\/div><FIGCAPTION class=\"\" data-alpha=\"5\" style=\"color:#ffffff; background-color:#0c0000; font-size:140; text-align:left; font-family:Default;\" ><div class=\"grid-gallery-figcaption-wrap\" style=\"\"><\/div><\/FIGCAPTION><\/FIGURE><FIGURE class=\"grid-gallery-caption\" data-grid-gallery-type=\"quarter-two-step\" data-index=\"13\" style=\"display:none;border-radius:00;; margin:2.65px; height:3500; width:auto;\" ><div class=\"crop\" style=\"\"><img decoding=\"async\" src=\"http:\/\/cl-tapissiere.com\/wp-content\/uploads\/2018\/05\/fauteuilvert1-341x350.jpg\" class=\"ggImg ggNotInitImg\" alt=\"bty\" title=\"bty\" data-description=\"bty\" data-caption=\"bty\" data-title=\"bty\" style=\" height:350px; width:auto;\" \/><\/div><FIGCAPTION class=\"\" data-alpha=\"5\" style=\"color:#ffffff; background-color:#0c0000; font-size:140; text-align:left; font-family:Default;\" ><div class=\"grid-gallery-figcaption-wrap\" style=\"\"><\/div><\/FIGCAPTION><\/FIGURE><FIGURE class=\"grid-gallery-caption\" data-grid-gallery-type=\"quarter-two-step\" data-index=\"14\" style=\"display:none;border-radius:00;; margin:2.65px; height:3500; width:auto;\" ><div class=\"crop\" style=\"\"><img decoding=\"async\" src=\"http:\/\/cl-tapissiere.com\/wp-content\/uploads\/2017\/03\/leather-768245_1920-e1490206500688-525x350.jpg\" class=\"ggImg ggNotInitImg\" alt=\"leather-768245_1920\" title=\"couture\" data-description=\"couture\" data-caption=\"couture\" data-title=\"leather-768245_1920\" style=\" height:350px; width:auto;\" \/><\/div><FIGCAPTION class=\"\" data-alpha=\"5\" style=\"color:#ffffff; background-color:#0c0000; font-size:140; text-align:left; font-family:Default;\" ><div class=\"grid-gallery-figcaption-wrap\" style=\"\"><\/div><\/FIGCAPTION><\/FIGURE><FIGURE class=\"grid-gallery-caption\" data-grid-gallery-type=\"quarter-two-step\" data-index=\"15\" style=\"display:none;border-radius:00;; margin:2.65px; height:3500; width:auto;\" ><div class=\"crop\" style=\"\"><img decoding=\"async\" src=\"http:\/\/cl-tapissiere.com\/wp-content\/uploads\/2017\/08\/DSC_6433-2-270x350.jpg\" class=\"ggImg ggNotInitImg\" alt=\"DSC_6433 (2)\" title=\"DSC_6433 (2)\" data-description=\"DSC_6433 (2)\" data-caption=\"essayage tissu space invaders\" data-title=\"DSC_6433 (2)\" style=\" height:350px; width:auto;\" \/><\/div><FIGCAPTION class=\"\" data-alpha=\"5\" style=\"color:#ffffff; background-color:#0c0000; font-size:140; text-align:left; font-family:Default;\" ><div class=\"grid-gallery-figcaption-wrap\" style=\"\"><\/div><\/FIGCAPTION><\/FIGURE><FIGURE class=\"grid-gallery-caption\" data-grid-gallery-type=\"quarter-two-step\" data-index=\"16\" style=\"display:none;border-radius:00;; margin:2.65px; height:3500; width:auto;\" ><div class=\"crop\" style=\"\"><img decoding=\"async\" src=\"http:\/\/cl-tapissiere.com\/wp-content\/uploads\/2017\/03\/14088497_677868359028152_2650085244822857826_n-232x350.jpg\" class=\"ggImg ggNotInitImg\" alt=\"14088497_677868359028152_2650085244822857826_n\" title=\"14088497_677868359028152_2650085244822857826_n\" data-description=\"14088497_677868359028152_2650085244822857826_n\" data-caption=\"mise en place et couture \u00e0 la main d&amp;#039;un dossier ext\u00e9rieur\" data-title=\"14088497_677868359028152_2650085244822857826_n\" style=\" height:350px; width:auto;\" \/><\/div><FIGCAPTION class=\"\" data-alpha=\"5\" style=\"color:#ffffff; background-color:#0c0000; font-size:140; text-align:left; font-family:Default;\" ><div class=\"grid-gallery-figcaption-wrap\" style=\"\"><\/div><\/FIGCAPTION><\/FIGURE><FIGURE class=\"grid-gallery-caption\" data-grid-gallery-type=\"quarter-two-step\" data-index=\"17\" style=\"display:none;border-radius:00;; margin:2.65px; height:3500; width:auto;\" ><div class=\"crop\" style=\"\"><img decoding=\"async\" src=\"http:\/\/cl-tapissiere.com\/wp-content\/uploads\/2017\/08\/IMG_9699-e1503559516598-233x350.jpg\" class=\"ggImg ggNotInitImg\" alt=\"IMG_9699\" title=\"IMG_9699\" data-description=\"IMG_9699\" data-caption=\"outils\" data-title=\"IMG_9699\" style=\" height:350px; width:auto;\" \/><\/div><FIGCAPTION class=\"\" data-alpha=\"5\" style=\"color:#ffffff; background-color:#0c0000; font-size:140; text-align:left; font-family:Default;\" ><div class=\"grid-gallery-figcaption-wrap\" style=\"\"><\/div><\/FIGCAPTION><\/FIGURE><FIGURE class=\"grid-gallery-caption\" data-grid-gallery-type=\"quarter-two-step\" data-index=\"18\" style=\"display:none;border-radius:00;; margin:2.65px; height:3500; width:auto;\" ><div class=\"crop\" style=\"\"><img decoding=\"async\" src=\"http:\/\/cl-tapissiere.com\/wp-content\/uploads\/2018\/05\/IMG_20180322_165714-2-263x350.jpg\" class=\"ggImg ggNotInitImg\" alt=\"dav\" title=\"dav\" data-description=\"dav\" data-caption=\"dav\" data-title=\"dav\" style=\" height:350px; width:auto;\" \/><\/div><FIGCAPTION class=\"\" data-alpha=\"5\" style=\"color:#ffffff; background-color:#0c0000; font-size:140; text-align:left; font-family:Default;\" ><div class=\"grid-gallery-figcaption-wrap\" style=\"\"><\/div><\/FIGCAPTION><\/FIGURE><FIGURE class=\"grid-gallery-caption\" data-grid-gallery-type=\"quarter-two-step\" data-index=\"19\" style=\"display:none;border-radius:00;; margin:2.65px; height:3500; width:auto;\" ><div class=\"crop\" style=\"\"><img decoding=\"async\" src=\"http:\/\/cl-tapissiere.com\/wp-content\/uploads\/2018\/05\/IMG_20180426_164353_776-350x350.jpg\" class=\"ggImg ggNotInitImg\" alt=\"IMG_20180426_164353_776\" title=\"IMG_20180426_164353_776\" data-description=\"IMG_20180426_164353_776\" data-caption=\"IMG_20180426_164353_776\" data-title=\"IMG_20180426_164353_776\" style=\" height:350px; width:auto;\" \/><\/div><FIGCAPTION class=\"\" data-alpha=\"5\" style=\"color:#ffffff; background-color:#0c0000; font-size:140; text-align:left; font-family:Default;\" ><div class=\"grid-gallery-figcaption-wrap\" style=\"\"><\/div><\/FIGCAPTION><\/FIGURE><FIGURE class=\"grid-gallery-caption\" data-grid-gallery-type=\"quarter-two-step\" data-index=\"20\" style=\"display:none;border-radius:00;; margin:2.65px; height:3500; width:auto;\" ><div class=\"crop\" style=\"\"><img decoding=\"async\" src=\"http:\/\/cl-tapissiere.com\/wp-content\/uploads\/2017\/03\/16682052_789835941164726_3224134070686411190_n-350x350.jpg\" class=\"ggImg ggNotInitImg\" alt=\"16682052_789835941164726_3224134070686411190_n\" title=\"16682052_789835941164726_3224134070686411190_n\" data-description=\"16682052_789835941164726_3224134070686411190_n\" data-caption=\"chaises ann\u00e9es 1950-1960\" data-title=\"16682052_789835941164726_3224134070686411190_n\" style=\" height:350px; width:auto;\" \/><\/div><FIGCAPTION class=\"\" data-alpha=\"5\" style=\"color:#ffffff; background-color:#0c0000; font-size:140; text-align:left; font-family:Default;\" ><div class=\"grid-gallery-figcaption-wrap\" style=\"\"><\/div><\/FIGCAPTION><\/FIGURE><FIGURE class=\"grid-gallery-caption\" data-grid-gallery-type=\"quarter-two-step\" data-index=\"21\" style=\"display:none;border-radius:00;; margin:2.65px; height:3500; width:auto;\" ><div class=\"crop\" style=\"\"><img decoding=\"async\" src=\"http:\/\/cl-tapissiere.com\/wp-content\/uploads\/2018\/06\/IMG_20180627_162627-262x350.jpg\" class=\"ggImg ggNotInitImg\" alt=\"\" title=\"\" data-description=\"\" data-caption=\"\" data-title=\"\" style=\" height:350px; width:auto;\" \/><\/div><FIGCAPTION class=\"\" data-alpha=\"5\" style=\"color:#ffffff; background-color:#0c0000; font-size:140; text-align:left; font-family:Default;\" ><div class=\"grid-gallery-figcaption-wrap\" style=\"\"><\/div><\/FIGCAPTION><\/FIGURE><FIGURE class=\"grid-gallery-caption\" data-grid-gallery-type=\"quarter-two-step\" data-index=\"22\" style=\"display:none;border-radius:00;; margin:2.65px; height:3500; width:auto;\" ><div class=\"crop\" style=\"\"><img decoding=\"async\" src=\"http:\/\/cl-tapissiere.com\/wp-content\/uploads\/2018\/06\/IMG_20180606_153142-263x350.jpg\" class=\"ggImg ggNotInitImg\" alt=\"\" title=\"\" data-description=\"\" data-caption=\"\" data-title=\"\" style=\" height:350px; width:auto;\" \/><\/div><FIGCAPTION class=\"\" data-alpha=\"5\" style=\"color:#ffffff; background-color:#0c0000; font-size:140; text-align:left; font-family:Default;\" ><div class=\"grid-gallery-figcaption-wrap\" style=\"\"><\/div><\/FIGCAPTION><\/FIGURE><FIGURE class=\"grid-gallery-caption\" data-grid-gallery-type=\"quarter-two-step\" data-index=\"23\" style=\"display:none;border-radius:00;; margin:2.65px; height:3500; width:auto;\" ><div class=\"crop\" style=\"\"><img decoding=\"async\" src=\"http:\/\/cl-tapissiere.com\/wp-content\/uploads\/2018\/06\/IMG_20180524_112100-263x350.jpg\" class=\"ggImg ggNotInitImg\" alt=\"\" title=\"\" data-description=\"\" data-caption=\"\" data-title=\"\" style=\" height:350px; width:auto;\" \/><\/div><FIGCAPTION class=\"\" data-alpha=\"5\" style=\"color:#ffffff; background-color:#0c0000; font-size:140; text-align:left; font-family:Default;\" ><div class=\"grid-gallery-figcaption-wrap\" style=\"\"><\/div><\/FIGCAPTION><\/FIGURE><FIGURE class=\"grid-gallery-caption\" data-grid-gallery-type=\"quarter-two-step\" data-index=\"24\" style=\"display:none;border-radius:00;; margin:2.65px; height:3500; width:auto;\" ><div class=\"crop\" style=\"\"><img decoding=\"async\" src=\"http:\/\/cl-tapissiere.com\/wp-content\/uploads\/2018\/06\/IMG_20180524_165521-263x350.jpg\" class=\"ggImg ggNotInitImg\" alt=\"\" title=\"\" data-description=\"\" data-caption=\"\" data-title=\"\" style=\" height:350px; width:auto;\" \/><\/div><FIGCAPTION class=\"\" data-alpha=\"5\" style=\"color:#ffffff; background-color:#0c0000; font-size:140; text-align:left; font-family:Default;\" ><div class=\"grid-gallery-figcaption-wrap\" style=\"\"><\/div><\/FIGCAPTION><\/FIGURE><FIGURE class=\"grid-gallery-caption\" data-grid-gallery-type=\"quarter-two-step\" data-index=\"25\" style=\"display:none;border-radius:00;; margin:2.65px; height:3500; width:auto;\" ><div class=\"crop\" style=\"\"><img decoding=\"async\" src=\"http:\/\/cl-tapissiere.com\/wp-content\/uploads\/2018\/06\/IMG_20180525_104914-263x350.jpg\" class=\"ggImg ggNotInitImg\" alt=\"\" title=\"\" data-description=\"\" data-caption=\"\" data-title=\"\" style=\" height:350px; width:auto;\" \/><\/div><FIGCAPTION class=\"\" data-alpha=\"5\" style=\"color:#ffffff; background-color:#0c0000; font-size:140; text-align:left; font-family:Default;\" ><div class=\"grid-gallery-figcaption-wrap\" style=\"\"><\/div><\/FIGCAPTION><\/FIGURE> <div class=\"grid-gallery-clearfix\"><\/div> <\/div> <div class=\"gallery-sharing-bottom\" style=\"display:none;\"> <\/div> <div class=\"gallery-sharing-image\" style=\"display:none;\"> <\/div> <div class=\"gallery-sharing-popup\" style=\"display:none;\"> <\/div> <div class=\"grid-gallery-clearfix\"><\/div> <\/div> <!-- Gallery by Supsystic plugin1.15.24 --><a title=\"Gallery Wordpress\" style=\"display:none;\" href=\"https:\/\/supsystic.com\/plugins\/photo-gallery\/?utm_medium=love_link\" target=\"_blank\">Gallery Wordpress<\/a>\n","protected":false},"excerpt":{"rendered":"<p>Dans mon atelier, je refais, je tends, je cloute, j\u2019agrafe, je couds et parfois, je prends aussi des photos pour vous donner un aper\u00e7u de ce que je fais. R\u00e9fection de fauteuils, chaises, banquettes, canap\u00e9&#8230; A la mani\u00e8re d&rsquo;antan, en crin v\u00e9g\u00e9tal et animal ou \u00e0 la mani\u00e8re moderne, en mousse. Forte de mon exp\u00e9rience [&hellip;]<\/p>\n","protected":false},"author":1,"featured_media":0,"parent":0,"menu_order":0,"comment_status":"closed","ping_status":"closed","template":"","meta":{"footnotes":""},"class_list":["post-121","page","type-page","status-publish","entry"],"_links":{"self":[{"href":"https:\/\/cl-tapissiere.com\/index.php\/wp-json\/wp\/v2\/pages\/121","targetHints":{"allow":["GET"]}}],"collection":[{"href":"https:\/\/cl-tapissiere.com\/index.php\/wp-json\/wp\/v2\/pages"}],"about":[{"href":"https:\/\/cl-tapissiere.com\/index.php\/wp-json\/wp\/v2\/types\/page"}],"author":[{"embeddable":true,"href":"https:\/\/cl-tapissiere.com\/index.php\/wp-json\/wp\/v2\/users\/1"}],"replies":[{"embeddable":true,"href":"https:\/\/cl-tapissiere.com\/index.php\/wp-json\/wp\/v2\/comments?post=121"}],"version-history":[{"count":12,"href":"https:\/\/cl-tapissiere.com\/index.php\/wp-json\/wp\/v2\/pages\/121\/revisions"}],"predecessor-version":[{"id":860,"href":"https:\/\/cl-tapissiere.com\/index.php\/wp-json\/wp\/v2\/pages\/121\/revisions\/860"}],"wp:attachment":[{"href":"https:\/\/cl-tapissiere.com\/index.php\/wp-json\/wp\/v2\/media?parent=121"}],"curies":[{"name":"wp","href":"https:\/\/api.w.org\/{rel}","templated":true}]}}