{"id":116,"date":"2017-03-19T17:51:27","date_gmt":"2017-03-19T16:51:27","guid":{"rendered":"http:\/\/cl-tapissiere.com\/?page_id=116"},"modified":"2024-06-28T13:14:58","modified_gmt":"2024-06-28T11:14:58","slug":"a-la-vente","status":"publish","type":"page","link":"https:\/\/cl-tapissiere.com\/index.php\/a-la-vente\/","title":{"rendered":"SUR MESURE"},"content":{"rendered":"<h1>Ici, vous trouverez votre bonheur!<\/h1>\n<p>Je vous pr\u00e9sente mes petit(e)s abandonn\u00e9(e)s et\/ou oubli\u00e9(e)s qui ont retrouv\u00e9 tout leur panache!<\/p>\n<p>Mon travail premier est le travail du bois. J&rsquo;aime les bois bruts et leurs couleurs naturelles. Alors je ponce, encore et encore pour les lib\u00e9rer de leurs couches de vernis! Une fois la couleur retrouv\u00e9e, quelques couches d&rsquo;huile de lin suffisent pour les prot\u00e9ger.<\/p>\n<p>Plut\u00f4t attir\u00e9e par le style scandinave, ann\u00e9es 50-60, je chine pour vous et restaure fauteuils, chaises&#8230;<\/p>\n<p>Je restaure plut\u00f4t ces styles en mousse HR43 (haute r\u00e9silience) mais sur commande, je peux bien s\u00fbr restaurer en crin.<\/p>\n<p>Je poste souvent les articles d&rsquo;origines et\/ou avant de mettre le tissu final (en blanc). Si vous avez un coup de c\u0153ur surtout n&rsquo;h\u00e9sitez pas \u00e0 me contacter pour que l&rsquo;on choisisse ensemble le tissu parfait pour vous!<\/p>\n<div id=\"grid-gallery-9-95187\" data-gg-id=\"9\" data-title=\"Les Fauteuils et chaises\" data-grid-type=\"2\" data-offset=\"5.3\" data-area-position=\"center\" data-icons=\"\" data-preloader=\"true\" data-width=\"auto\" data-height=\"350\" data-padding=\"0\" data-quicksand=\"disabled\" data-quicksand-duration=\"none\" data-popup-theme=\"theme_6\" data-popup-type=\"pretty-photo\" data-popup-image-text=\"data-description\" data-popup-widthsize=\"auto\" data-popup-heightsize=\"auto\" data-popup-i18n-words=\"{&quot;close&quot;:&quot;fermer&quot;,&quot;next&quot;:&quot;suivant&quot;,&quot;previous&quot;:&quot;pr\\u00e9c\\u00e9dent&quot;,&quot;start_slideshow&quot;:&quot;d\\u00e9marrer le diaporama&quot;,&quot;stop_slideshow&quot;:&quot;arr\\u00e9ter le diaporama&quot;,&quot;image&quot;:&quot;image&quot;,&quot;of&quot;:&quot;de&quot;,&quot;prev&quot;:&quot;pr\\u00e9c.&quot;,&quot;cExpand&quot;:&quot;Agrandir&quot;,&quot;cPrevious&quot;:&quot;Pr\\u00e9c\\u00e9dent&quot;,&quot;cNext&quot;:&quot;Suivant&quot;,&quot;cExpandStr&quot;:&quot;Agrandir l&#039;image&quot;,&quot;cRotate&quot;:&quot;Pivoter&quot;,&quot;cDetails&quot;:&quot;Details&quot;}\" data-popup-slideshow=\"false\" data-popup-slideshow-speed=\"2500\" data-popup-hoverstop=\"false\" data-popup-slideshow-auto=\"false\" data-popup-background=\"\" data-popup-transparency=\"30\" data-popup-disable-history=\"\" data-popup-disable-changed-url=\"\" data-popup-border-type=\"\" data-popup-border-color=\"\" data-popup-border-width=\"\" data-popup-border-enable=\"\" data-fullscreen=\"true\" data-hide-tooltip=\"false\" data-caption-font-family=\"Default\" data-caption-text-size=\"140\" data-is-mobile=\"0\" data-caption-mobile=\"false\" data-hide-long-tltp-title=\"0\" data-caption-disabled-on-mobile=\"false\" data-popup-placement-type=\"0\" data-social-sharing=\"{&quot;enabled&quot;:&quot;&quot;,&quot;gallerySharing&quot;:{&quot;enabled&quot;:null,&quot;position&quot;:null},&quot;imageSharing&quot;:{&quot;enabled&quot;:null,&quot;wrapperClass&quot;:&quot; vertical &quot;},&quot;popupSharing&quot;:{&quot;enabled&quot;:null,&quot;wrapperClass&quot;:&quot; vertical &quot;}}\" class=\"grid-gallery grid-gallery-fixed \" style=\" width:100%; height:auto; margin-left:auto; margin-right:auto;position:relative;\"> <div class=\"gallery-loading\"> <div class=\"blocks\"> <div class=\"block\"><\/div> <div class=\"block\"><\/div> <div class=\"block\"><\/div> <div class=\"block\"><\/div> <\/div> <\/div> <div class=\"gallery-sharing-top\" style=\"display:none;\"> <\/div> <div id=\"photos-9\" class=\"grid-gallery-photos\"><FIGURE class=\"grid-gallery-caption\" data-grid-gallery-type=\"quarter-two-step\" data-index=\"0\" style=\"display:none;border-radius:00;; margin:2.65px; height:3500; width:auto;\" ><div class=\"crop\" style=\"\"><img decoding=\"async\" src=\"http:\/\/cl-tapissiere.com\/wp-content\/uploads\/2018\/03\/fauteuilvert5-269x350.jpg\" class=\"ggImg ggNotInitImg\" alt=\"bty\" title=\"bty\" data-description=\"bty\" data-caption=\"Fauteuil vintage vert \u00e9meraude\" data-title=\"bty\" style=\" height:350px; width:auto;\" \/><\/div><FIGCAPTION class=\"\" data-alpha=\"5\" style=\"color:#ffffff; background-color:#0c0000; font-size:140; text-align:left; font-family:Default;\" ><div class=\"grid-gallery-figcaption-wrap\" style=\"\"><\/div><\/FIGCAPTION><\/FIGURE><FIGURE class=\"grid-gallery-caption\" data-grid-gallery-type=\"quarter-two-step\" data-index=\"1\" style=\"display:none;border-radius:00;; margin:2.65px; height:3500; width:auto;\" ><div class=\"crop\" style=\"\"><img decoding=\"async\" src=\"http:\/\/cl-tapissiere.com\/wp-content\/uploads\/2017\/11\/duodef6-335x350.jpg\" class=\"ggImg ggNotInitImg\" alt=\"dav\" title=\"dav\" data-description=\"dav\" data-caption=\"Duo de chaise vintage\" data-title=\"dav\" style=\" height:350px; width:auto;\" \/><\/div><FIGCAPTION class=\"\" data-alpha=\"5\" style=\"color:#ffffff; background-color:#0c0000; font-size:140; text-align:left; font-family:Default;\" ><div class=\"grid-gallery-figcaption-wrap\" style=\"\"><\/div><\/FIGCAPTION><\/FIGURE><FIGURE class=\"grid-gallery-caption\" data-grid-gallery-type=\"quarter-two-step\" data-index=\"2\" style=\"display:none;border-radius:00;; margin:2.65px; height:3500; width:auto;\" ><div class=\"crop\" style=\"\"><img decoding=\"async\" src=\"http:\/\/cl-tapissiere.com\/wp-content\/uploads\/2018\/03\/chaisetropicale-263x350.jpg\" class=\"ggImg ggNotInitImg\" alt=\"bty\" title=\"bty\" data-description=\"bty\" data-caption=\"Chaises tropicales\" data-title=\"bty\" style=\" height:350px; width:auto;\" \/><\/div><FIGCAPTION class=\"\" data-alpha=\"5\" style=\"color:#ffffff; background-color:#0c0000; font-size:140; text-align:left; font-family:Default;\" ><div class=\"grid-gallery-figcaption-wrap\" style=\"\"><\/div><\/FIGCAPTION><\/FIGURE><FIGURE class=\"grid-gallery-caption\" data-grid-gallery-type=\"quarter-two-step\" data-index=\"3\" style=\"display:none;border-radius:00;; margin:2.65px; height:3500; width:auto;\" ><div class=\"crop\" style=\"\"><img decoding=\"async\" src=\"http:\/\/cl-tapissiere.com\/wp-content\/uploads\/2017\/08\/chaiseem4-347x350.jpg\" class=\"ggImg ggNotInitImg\" alt=\"chaiseem4\" title=\"chaiseem4\" data-description=\"chaiseem4\" data-caption=\"Duo de chaise scandinave\" data-title=\"chaiseem4\" style=\" height:350px; width:auto;\" \/><\/div><FIGCAPTION class=\"\" data-alpha=\"5\" style=\"color:#ffffff; background-color:#0c0000; font-size:140; text-align:left; font-family:Default;\" ><div class=\"grid-gallery-figcaption-wrap\" style=\"\"><\/div><\/FIGCAPTION><\/FIGURE><FIGURE class=\"grid-gallery-caption\" data-grid-gallery-type=\"quarter-two-step\" data-index=\"4\" style=\"display:none;border-radius:00;; margin:2.65px; height:3500; width:auto;\" ><div class=\"crop\" style=\"\"><img decoding=\"async\" src=\"http:\/\/cl-tapissiere.com\/wp-content\/uploads\/2017\/04\/DSC_6405-e1492094318357-232x350.jpg\" class=\"ggImg ggNotInitImg\" alt=\"DSC_6405\" title=\"DSC_6405\" data-description=\"DSC_6405\" data-caption=\"DSC_6405\" data-title=\"DSC_6405\" style=\" height:350px; width:auto;\" \/><\/div><FIGCAPTION class=\"\" data-alpha=\"5\" style=\"color:#ffffff; background-color:#0c0000; font-size:140; text-align:left; font-family:Default;\" ><div class=\"grid-gallery-figcaption-wrap\" style=\"\"><\/div><\/FIGCAPTION><\/FIGURE><FIGURE class=\"grid-gallery-caption\" data-grid-gallery-type=\"quarter-two-step\" data-index=\"5\" style=\"display:none;border-radius:00;; margin:2.65px; height:3500; width:auto;\" ><div class=\"crop\" style=\"\"><img decoding=\"async\" src=\"http:\/\/cl-tapissiere.com\/wp-content\/uploads\/2017\/08\/DSC_6435-2-1-359x350.jpg\" class=\"ggImg ggNotInitImg\" alt=\"DSC_6435 (2)\" title=\"DSC_6435 (2)\" data-description=\"DSC_6435 (2)\" data-caption=\"Chaises 1950-1960 rouge chin\u00e9 blanc en h\u00eatre\" data-title=\"DSC_6435 (2)\" style=\" height:350px; width:auto;\" \/><\/div><FIGCAPTION class=\"\" data-alpha=\"5\" style=\"color:#ffffff; background-color:#0c0000; font-size:140; text-align:left; font-family:Default;\" ><div class=\"grid-gallery-figcaption-wrap\" style=\"\"><\/div><\/FIGCAPTION><\/FIGURE><FIGURE class=\"grid-gallery-caption\" data-grid-gallery-type=\"quarter-two-step\" data-index=\"6\" style=\"display:none;border-radius:00;; margin:2.65px; height:3500; width:auto;\" ><div class=\"crop\" style=\"\"><img decoding=\"async\" src=\"http:\/\/cl-tapissiere.com\/wp-content\/uploads\/2017\/08\/fauteuil-stella1-249x350.jpg\" class=\"ggImg ggNotInitImg\" alt=\"fauteuil stella1\" title=\"fauteuil stella1\" data-description=\"fauteuil stella1\" data-caption=\"Fauteuil de style Stella\" data-title=\"fauteuil stella1\" style=\" height:350px; width:auto;\" \/><\/div><FIGCAPTION class=\"\" data-alpha=\"5\" style=\"color:#ffffff; background-color:#0c0000; font-size:140; text-align:left; font-family:Default;\" ><div class=\"grid-gallery-figcaption-wrap\" style=\"\"><\/div><\/FIGCAPTION><\/FIGURE><FIGURE class=\"grid-gallery-caption\" data-grid-gallery-type=\"quarter-two-step\" data-index=\"7\" style=\"display:none;border-radius:00;; margin:2.65px; height:3500; width:auto;\" ><div class=\"crop\" style=\"\"><img decoding=\"async\" src=\"http:\/\/cl-tapissiere.com\/wp-content\/uploads\/2017\/12\/IMG_20171012_123128-2-309x350.jpg\" class=\"ggImg ggNotInitImg\" alt=\"dav\" title=\"dav\" data-description=\"dav\" data-caption=\"Fauteuil vintage gris\" data-title=\"dav\" style=\" height:350px; width:auto;\" \/><\/div><FIGCAPTION class=\"\" data-alpha=\"5\" style=\"color:#ffffff; background-color:#0c0000; font-size:140; text-align:left; font-family:Default;\" ><div class=\"grid-gallery-figcaption-wrap\" style=\"\"><\/div><\/FIGCAPTION><\/FIGURE><FIGURE class=\"grid-gallery-caption\" data-grid-gallery-type=\"quarter-two-step\" data-index=\"8\" style=\"display:none;border-radius:00;; margin:2.65px; height:3500; width:auto;\" ><div class=\"crop\" style=\"\"><img decoding=\"async\" src=\"http:\/\/cl-tapissiere.com\/wp-content\/uploads\/2017\/03\/DSC_6438-2-344x350.jpg\" class=\"ggImg ggNotInitImg\" alt=\"DSC_6438 (2)\" title=\"DSC_6438 (2)\" data-description=\"DSC_6438 (2)\" data-caption=\"Fauteuil Baumann\" data-title=\"DSC_6438 (2)\" style=\" height:350px; width:auto;\" \/><\/div><FIGCAPTION class=\"\" data-alpha=\"5\" style=\"color:#ffffff; background-color:#0c0000; font-size:140; text-align:left; font-family:Default;\" ><div class=\"grid-gallery-figcaption-wrap\" style=\"\"><\/div><\/FIGCAPTION><\/FIGURE> <div class=\"grid-gallery-clearfix\"><\/div> <\/div> <div class=\"gallery-sharing-bottom\" style=\"display:none;\"> <\/div> <div class=\"gallery-sharing-image\" style=\"display:none;\"> <\/div> <div class=\"gallery-sharing-popup\" style=\"display:none;\"> <\/div> <div class=\"grid-gallery-clearfix\"><\/div> <\/div> <!-- Gallery by Supsystic plugin1.15.24 --><a title=\"Gallery Wordpress\" style=\"display:none;\" href=\"https:\/\/supsystic.com\/plugins\/photo-gallery\/?utm_medium=love_link\" target=\"_blank\">Gallery Wordpress<\/a>\n","protected":false},"excerpt":{"rendered":"<p>Ici, vous trouverez votre bonheur! Je vous pr\u00e9sente mes petit(e)s abandonn\u00e9(e)s et\/ou oubli\u00e9(e)s qui ont retrouv\u00e9 tout leur panache! Mon travail premier est le travail du bois. J&rsquo;aime les bois bruts et leurs couleurs naturelles. Alors je ponce, encore et encore pour les lib\u00e9rer de leurs couches de vernis! Une fois la couleur retrouv\u00e9e, quelques [&hellip;]<\/p>\n","protected":false},"author":1,"featured_media":0,"parent":0,"menu_order":0,"comment_status":"closed","ping_status":"closed","template":"","meta":{"footnotes":""},"class_list":["post-116","page","type-page","status-publish","entry"],"_links":{"self":[{"href":"https:\/\/cl-tapissiere.com\/index.php\/wp-json\/wp\/v2\/pages\/116","targetHints":{"allow":["GET"]}}],"collection":[{"href":"https:\/\/cl-tapissiere.com\/index.php\/wp-json\/wp\/v2\/pages"}],"about":[{"href":"https:\/\/cl-tapissiere.com\/index.php\/wp-json\/wp\/v2\/types\/page"}],"author":[{"embeddable":true,"href":"https:\/\/cl-tapissiere.com\/index.php\/wp-json\/wp\/v2\/users\/1"}],"replies":[{"embeddable":true,"href":"https:\/\/cl-tapissiere.com\/index.php\/wp-json\/wp\/v2\/comments?post=116"}],"version-history":[{"count":18,"href":"https:\/\/cl-tapissiere.com\/index.php\/wp-json\/wp\/v2\/pages\/116\/revisions"}],"predecessor-version":[{"id":1183,"href":"https:\/\/cl-tapissiere.com\/index.php\/wp-json\/wp\/v2\/pages\/116\/revisions\/1183"}],"wp:attachment":[{"href":"https:\/\/cl-tapissiere.com\/index.php\/wp-json\/wp\/v2\/media?parent=116"}],"curies":[{"name":"wp","href":"https:\/\/api.w.org\/{rel}","templated":true}]}}