{"id":1066,"date":"2024-06-24T15:33:28","date_gmt":"2024-06-24T13:33:28","guid":{"rendered":"http:\/\/cl-tapissiere.com\/?page_id=1066"},"modified":"2024-06-28T13:14:38","modified_gmt":"2024-06-28T11:14:38","slug":"les-togos","status":"publish","type":"page","link":"https:\/\/cl-tapissiere.com\/index.php\/les-togos\/","title":{"rendered":"TOGOS"},"content":{"rendered":"\n<p>L&rsquo;atelier refait les housses de tous les modules Togo. Chauffeuses, angles, deux places, trois places&#8230; de l&rsquo;ind\u00e9modable Togo. N\u00e9 de l&rsquo;esprit du designer fran\u00e7ais Michel Ducaroy pour la maison Ligne Roset d\u00e8s 1973. Un incontournable pour les amoureux du design!<\/p>\n\n\n\n<figure class=\"wp-block-gallery has-nested-images columns-default is-cropped wp-block-gallery-1 is-layout-flex wp-block-gallery-is-layout-flex\">\n<figure class=\"wp-block-image size-large\"><img loading=\"lazy\" decoding=\"async\" width=\"700\" height=\"525\" data-id=\"1106\" src=\"https:\/\/cl-tapissiere.com\/wp-content\/uploads\/2024\/06\/IMG_2137-1-700x525.png\" alt=\"\" class=\"wp-image-1106\" srcset=\"https:\/\/cl-tapissiere.com\/wp-content\/uploads\/2024\/06\/IMG_2137-1-700x525.png 700w, https:\/\/cl-tapissiere.com\/wp-content\/uploads\/2024\/06\/IMG_2137-1-300x225.png 300w, https:\/\/cl-tapissiere.com\/wp-content\/uploads\/2024\/06\/IMG_2137-1-768x576.png 768w, https:\/\/cl-tapissiere.com\/wp-content\/uploads\/2024\/06\/IMG_2137-1.png 1170w\" sizes=\"auto, (max-width: 700px) 100vw, 700px\" \/><\/figure>\n\n\n\n<figure class=\"wp-block-image size-large\"><img loading=\"lazy\" decoding=\"async\" width=\"700\" height=\"923\" data-id=\"1107\" src=\"https:\/\/cl-tapissiere.com\/wp-content\/uploads\/2024\/06\/IMG_2136-1-700x923.png\" alt=\"\" class=\"wp-image-1107\" srcset=\"https:\/\/cl-tapissiere.com\/wp-content\/uploads\/2024\/06\/IMG_2136-1-700x923.png 700w, https:\/\/cl-tapissiere.com\/wp-content\/uploads\/2024\/06\/IMG_2136-1-228x300.png 228w, https:\/\/cl-tapissiere.com\/wp-content\/uploads\/2024\/06\/IMG_2136-1-768x1012.png 768w, https:\/\/cl-tapissiere.com\/wp-content\/uploads\/2024\/06\/IMG_2136-1-1165x1536.png 1165w, https:\/\/cl-tapissiere.com\/wp-content\/uploads\/2024\/06\/IMG_2136-1.png 1170w\" sizes=\"auto, (max-width: 700px) 100vw, 700px\" \/><\/figure>\n\n\n\n<figure class=\"wp-block-image size-large\"><img loading=\"lazy\" decoding=\"async\" width=\"700\" height=\"936\" data-id=\"1108\" src=\"https:\/\/cl-tapissiere.com\/wp-content\/uploads\/2024\/06\/IMG_2135-1-700x936.png\" alt=\"\" class=\"wp-image-1108\" srcset=\"https:\/\/cl-tapissiere.com\/wp-content\/uploads\/2024\/06\/IMG_2135-1-700x936.png 700w, https:\/\/cl-tapissiere.com\/wp-content\/uploads\/2024\/06\/IMG_2135-1-224x300.png 224w, https:\/\/cl-tapissiere.com\/wp-content\/uploads\/2024\/06\/IMG_2135-1-768x1027.png 768w, https:\/\/cl-tapissiere.com\/wp-content\/uploads\/2024\/06\/IMG_2135-1-1149x1536.png 1149w, https:\/\/cl-tapissiere.com\/wp-content\/uploads\/2024\/06\/IMG_2135-1.png 1168w\" sizes=\"auto, (max-width: 700px) 100vw, 700px\" \/><\/figure>\n\n\n\n<figure class=\"wp-block-image size-large\"><img loading=\"lazy\" decoding=\"async\" width=\"700\" height=\"875\" data-id=\"1109\" src=\"https:\/\/cl-tapissiere.com\/wp-content\/uploads\/2024\/06\/A78B93A3-6165-4145-AD15-65869BF2B0BF-1-700x875.jpg\" alt=\"\" class=\"wp-image-1109\" srcset=\"https:\/\/cl-tapissiere.com\/wp-content\/uploads\/2024\/06\/A78B93A3-6165-4145-AD15-65869BF2B0BF-1-700x875.jpg 700w, https:\/\/cl-tapissiere.com\/wp-content\/uploads\/2024\/06\/A78B93A3-6165-4145-AD15-65869BF2B0BF-1-240x300.jpg 240w, https:\/\/cl-tapissiere.com\/wp-content\/uploads\/2024\/06\/A78B93A3-6165-4145-AD15-65869BF2B0BF-1-768x960.jpg 768w, https:\/\/cl-tapissiere.com\/wp-content\/uploads\/2024\/06\/A78B93A3-6165-4145-AD15-65869BF2B0BF-1-1229x1536.jpg 1229w, https:\/\/cl-tapissiere.com\/wp-content\/uploads\/2024\/06\/A78B93A3-6165-4145-AD15-65869BF2B0BF-1-1638x2048.jpg 1638w, https:\/\/cl-tapissiere.com\/wp-content\/uploads\/2024\/06\/A78B93A3-6165-4145-AD15-65869BF2B0BF-1-scaled.jpg 2048w\" sizes=\"auto, (max-width: 700px) 100vw, 700px\" \/><\/figure>\n\n\n\n<figure class=\"wp-block-image size-large\"><img loading=\"lazy\" decoding=\"async\" width=\"700\" height=\"875\" data-id=\"1110\" src=\"https:\/\/cl-tapissiere.com\/wp-content\/uploads\/2024\/06\/F37D29B0-51C4-4FC4-A68F-7BF3D650A16B-1-700x875.jpg\" alt=\"\" class=\"wp-image-1110\" srcset=\"https:\/\/cl-tapissiere.com\/wp-content\/uploads\/2024\/06\/F37D29B0-51C4-4FC4-A68F-7BF3D650A16B-1-700x875.jpg 700w, https:\/\/cl-tapissiere.com\/wp-content\/uploads\/2024\/06\/F37D29B0-51C4-4FC4-A68F-7BF3D650A16B-1-240x300.jpg 240w, https:\/\/cl-tapissiere.com\/wp-content\/uploads\/2024\/06\/F37D29B0-51C4-4FC4-A68F-7BF3D650A16B-1-768x960.jpg 768w, https:\/\/cl-tapissiere.com\/wp-content\/uploads\/2024\/06\/F37D29B0-51C4-4FC4-A68F-7BF3D650A16B-1-1229x1536.jpg 1229w, https:\/\/cl-tapissiere.com\/wp-content\/uploads\/2024\/06\/F37D29B0-51C4-4FC4-A68F-7BF3D650A16B-1-1638x2048.jpg 1638w, https:\/\/cl-tapissiere.com\/wp-content\/uploads\/2024\/06\/F37D29B0-51C4-4FC4-A68F-7BF3D650A16B-1-scaled.jpg 2048w\" sizes=\"auto, (max-width: 700px) 100vw, 700px\" \/><\/figure>\n\n\n\n<figure class=\"wp-block-image size-large\"><img loading=\"lazy\" decoding=\"async\" width=\"700\" height=\"933\" data-id=\"1111\" src=\"https:\/\/cl-tapissiere.com\/wp-content\/uploads\/2024\/06\/IMG_4279-1-700x933.jpg\" alt=\"\" class=\"wp-image-1111\" srcset=\"https:\/\/cl-tapissiere.com\/wp-content\/uploads\/2024\/06\/IMG_4279-1-700x933.jpg 700w, https:\/\/cl-tapissiere.com\/wp-content\/uploads\/2024\/06\/IMG_4279-1-225x300.jpg 225w, https:\/\/cl-tapissiere.com\/wp-content\/uploads\/2024\/06\/IMG_4279-1-768x1024.jpg 768w, https:\/\/cl-tapissiere.com\/wp-content\/uploads\/2024\/06\/IMG_4279-1-1152x1536.jpg 1152w, https:\/\/cl-tapissiere.com\/wp-content\/uploads\/2024\/06\/IMG_4279-1-1536x2048.jpg 1536w, https:\/\/cl-tapissiere.com\/wp-content\/uploads\/2024\/06\/IMG_4279-1-scaled.jpg 1920w\" sizes=\"auto, (max-width: 700px) 100vw, 700px\" \/><\/figure>\n\n\n\n<figure class=\"wp-block-image size-large\"><img loading=\"lazy\" decoding=\"async\" width=\"700\" height=\"525\" data-id=\"1112\" src=\"https:\/\/cl-tapissiere.com\/wp-content\/uploads\/2024\/06\/IMG_4337-1-700x525.jpg\" alt=\"\" class=\"wp-image-1112\" srcset=\"https:\/\/cl-tapissiere.com\/wp-content\/uploads\/2024\/06\/IMG_4337-1-700x525.jpg 700w, https:\/\/cl-tapissiere.com\/wp-content\/uploads\/2024\/06\/IMG_4337-1-300x225.jpg 300w, https:\/\/cl-tapissiere.com\/wp-content\/uploads\/2024\/06\/IMG_4337-1-768x576.jpg 768w, https:\/\/cl-tapissiere.com\/wp-content\/uploads\/2024\/06\/IMG_4337-1-1536x1152.jpg 1536w, https:\/\/cl-tapissiere.com\/wp-content\/uploads\/2024\/06\/IMG_4337-1-2048x1536.jpg 2048w\" sizes=\"auto, (max-width: 700px) 100vw, 700px\" \/><\/figure>\n\n\n\n<figure class=\"wp-block-image size-large\"><img loading=\"lazy\" decoding=\"async\" width=\"700\" height=\"933\" data-id=\"1113\" src=\"https:\/\/cl-tapissiere.com\/wp-content\/uploads\/2024\/06\/IMG_5051-1-700x933.jpg\" alt=\"\" class=\"wp-image-1113\" srcset=\"https:\/\/cl-tapissiere.com\/wp-content\/uploads\/2024\/06\/IMG_5051-1-700x933.jpg 700w, https:\/\/cl-tapissiere.com\/wp-content\/uploads\/2024\/06\/IMG_5051-1-225x300.jpg 225w, https:\/\/cl-tapissiere.com\/wp-content\/uploads\/2024\/06\/IMG_5051-1-768x1024.jpg 768w, https:\/\/cl-tapissiere.com\/wp-content\/uploads\/2024\/06\/IMG_5051-1-1152x1536.jpg 1152w, https:\/\/cl-tapissiere.com\/wp-content\/uploads\/2024\/06\/IMG_5051-1-1536x2048.jpg 1536w, https:\/\/cl-tapissiere.com\/wp-content\/uploads\/2024\/06\/IMG_5051-1-scaled.jpg 1920w\" sizes=\"auto, (max-width: 700px) 100vw, 700px\" \/><\/figure>\n\n\n\n<figure class=\"wp-block-image size-large\"><img loading=\"lazy\" decoding=\"async\" width=\"700\" height=\"933\" data-id=\"1114\" src=\"https:\/\/cl-tapissiere.com\/wp-content\/uploads\/2024\/06\/IMG_5073-1-700x933.jpg\" alt=\"\" class=\"wp-image-1114\" srcset=\"https:\/\/cl-tapissiere.com\/wp-content\/uploads\/2024\/06\/IMG_5073-1-700x933.jpg 700w, https:\/\/cl-tapissiere.com\/wp-content\/uploads\/2024\/06\/IMG_5073-1-225x300.jpg 225w, https:\/\/cl-tapissiere.com\/wp-content\/uploads\/2024\/06\/IMG_5073-1-768x1024.jpg 768w, https:\/\/cl-tapissiere.com\/wp-content\/uploads\/2024\/06\/IMG_5073-1-1152x1536.jpg 1152w, https:\/\/cl-tapissiere.com\/wp-content\/uploads\/2024\/06\/IMG_5073-1-1536x2048.jpg 1536w, https:\/\/cl-tapissiere.com\/wp-content\/uploads\/2024\/06\/IMG_5073-1-scaled.jpg 1920w\" sizes=\"auto, (max-width: 700px) 100vw, 700px\" \/><\/figure>\n\n\n\n<figure class=\"wp-block-image size-large\"><img loading=\"lazy\" decoding=\"async\" width=\"700\" height=\"875\" data-id=\"1115\" src=\"https:\/\/cl-tapissiere.com\/wp-content\/uploads\/2024\/06\/417504EB-8552-43E4-A36C-2BBF6807D44E-1-700x875.jpg\" alt=\"\" class=\"wp-image-1115\" srcset=\"https:\/\/cl-tapissiere.com\/wp-content\/uploads\/2024\/06\/417504EB-8552-43E4-A36C-2BBF6807D44E-1-700x875.jpg 700w, https:\/\/cl-tapissiere.com\/wp-content\/uploads\/2024\/06\/417504EB-8552-43E4-A36C-2BBF6807D44E-1-240x300.jpg 240w, https:\/\/cl-tapissiere.com\/wp-content\/uploads\/2024\/06\/417504EB-8552-43E4-A36C-2BBF6807D44E-1-768x960.jpg 768w, https:\/\/cl-tapissiere.com\/wp-content\/uploads\/2024\/06\/417504EB-8552-43E4-A36C-2BBF6807D44E-1-1229x1536.jpg 1229w, https:\/\/cl-tapissiere.com\/wp-content\/uploads\/2024\/06\/417504EB-8552-43E4-A36C-2BBF6807D44E-1-1638x2048.jpg 1638w, https:\/\/cl-tapissiere.com\/wp-content\/uploads\/2024\/06\/417504EB-8552-43E4-A36C-2BBF6807D44E-1-scaled.jpg 2048w\" sizes=\"auto, (max-width: 700px) 100vw, 700px\" \/><\/figure>\n\n\n\n<figure class=\"wp-block-image size-large\"><img loading=\"lazy\" decoding=\"async\" width=\"700\" height=\"933\" data-id=\"1116\" src=\"https:\/\/cl-tapissiere.com\/wp-content\/uploads\/2024\/06\/IMG_4275-1-700x933.jpg\" alt=\"\" class=\"wp-image-1116\" srcset=\"https:\/\/cl-tapissiere.com\/wp-content\/uploads\/2024\/06\/IMG_4275-1-700x933.jpg 700w, https:\/\/cl-tapissiere.com\/wp-content\/uploads\/2024\/06\/IMG_4275-1-225x300.jpg 225w, https:\/\/cl-tapissiere.com\/wp-content\/uploads\/2024\/06\/IMG_4275-1-768x1024.jpg 768w, https:\/\/cl-tapissiere.com\/wp-content\/uploads\/2024\/06\/IMG_4275-1-1152x1536.jpg 1152w, https:\/\/cl-tapissiere.com\/wp-content\/uploads\/2024\/06\/IMG_4275-1-1536x2048.jpg 1536w, https:\/\/cl-tapissiere.com\/wp-content\/uploads\/2024\/06\/IMG_4275-1-scaled.jpg 1920w\" sizes=\"auto, (max-width: 700px) 100vw, 700px\" \/><\/figure>\n\n\n\n<figure class=\"wp-block-image size-large\"><img loading=\"lazy\" decoding=\"async\" width=\"700\" height=\"933\" data-id=\"1117\" src=\"https:\/\/cl-tapissiere.com\/wp-content\/uploads\/2024\/06\/IMG_4276-1-700x933.jpg\" alt=\"\" class=\"wp-image-1117\" srcset=\"https:\/\/cl-tapissiere.com\/wp-content\/uploads\/2024\/06\/IMG_4276-1-700x933.jpg 700w, https:\/\/cl-tapissiere.com\/wp-content\/uploads\/2024\/06\/IMG_4276-1-225x300.jpg 225w, https:\/\/cl-tapissiere.com\/wp-content\/uploads\/2024\/06\/IMG_4276-1-768x1024.jpg 768w, https:\/\/cl-tapissiere.com\/wp-content\/uploads\/2024\/06\/IMG_4276-1-1152x1536.jpg 1152w, https:\/\/cl-tapissiere.com\/wp-content\/uploads\/2024\/06\/IMG_4276-1-1536x2048.jpg 1536w, https:\/\/cl-tapissiere.com\/wp-content\/uploads\/2024\/06\/IMG_4276-1-scaled.jpg 1920w\" sizes=\"auto, (max-width: 700px) 100vw, 700px\" \/><\/figure>\n\n\n\n<figure class=\"wp-block-image size-large\"><img loading=\"lazy\" decoding=\"async\" width=\"700\" height=\"933\" data-id=\"1118\" src=\"https:\/\/cl-tapissiere.com\/wp-content\/uploads\/2024\/06\/IMG_4281-1-700x933.jpg\" alt=\"\" class=\"wp-image-1118\" srcset=\"https:\/\/cl-tapissiere.com\/wp-content\/uploads\/2024\/06\/IMG_4281-1-700x933.jpg 700w, https:\/\/cl-tapissiere.com\/wp-content\/uploads\/2024\/06\/IMG_4281-1-225x300.jpg 225w, https:\/\/cl-tapissiere.com\/wp-content\/uploads\/2024\/06\/IMG_4281-1-768x1024.jpg 768w, https:\/\/cl-tapissiere.com\/wp-content\/uploads\/2024\/06\/IMG_4281-1-1152x1536.jpg 1152w, https:\/\/cl-tapissiere.com\/wp-content\/uploads\/2024\/06\/IMG_4281-1-1536x2048.jpg 1536w, https:\/\/cl-tapissiere.com\/wp-content\/uploads\/2024\/06\/IMG_4281-1-scaled.jpg 1920w\" sizes=\"auto, (max-width: 700px) 100vw, 700px\" \/><\/figure>\n\n\n\n<figure class=\"wp-block-image size-large\"><img loading=\"lazy\" decoding=\"async\" width=\"700\" height=\"933\" data-id=\"1119\" src=\"https:\/\/cl-tapissiere.com\/wp-content\/uploads\/2024\/06\/IMG_4326-1-700x933.jpg\" alt=\"\" class=\"wp-image-1119\" srcset=\"https:\/\/cl-tapissiere.com\/wp-content\/uploads\/2024\/06\/IMG_4326-1-700x933.jpg 700w, https:\/\/cl-tapissiere.com\/wp-content\/uploads\/2024\/06\/IMG_4326-1-225x300.jpg 225w, https:\/\/cl-tapissiere.com\/wp-content\/uploads\/2024\/06\/IMG_4326-1-768x1024.jpg 768w, https:\/\/cl-tapissiere.com\/wp-content\/uploads\/2024\/06\/IMG_4326-1-1152x1536.jpg 1152w, https:\/\/cl-tapissiere.com\/wp-content\/uploads\/2024\/06\/IMG_4326-1-1536x2048.jpg 1536w, https:\/\/cl-tapissiere.com\/wp-content\/uploads\/2024\/06\/IMG_4326-1-scaled.jpg 1920w\" sizes=\"auto, (max-width: 700px) 100vw, 700px\" \/><\/figure>\n\n\n\n<figure class=\"wp-block-image size-large\"><img loading=\"lazy\" decoding=\"async\" width=\"700\" height=\"933\" data-id=\"1120\" src=\"https:\/\/cl-tapissiere.com\/wp-content\/uploads\/2024\/06\/IMG_4335-1-700x933.jpg\" alt=\"\" class=\"wp-image-1120\" srcset=\"https:\/\/cl-tapissiere.com\/wp-content\/uploads\/2024\/06\/IMG_4335-1-700x933.jpg 700w, https:\/\/cl-tapissiere.com\/wp-content\/uploads\/2024\/06\/IMG_4335-1-225x300.jpg 225w, https:\/\/cl-tapissiere.com\/wp-content\/uploads\/2024\/06\/IMG_4335-1-768x1024.jpg 768w, https:\/\/cl-tapissiere.com\/wp-content\/uploads\/2024\/06\/IMG_4335-1-1152x1536.jpg 1152w, https:\/\/cl-tapissiere.com\/wp-content\/uploads\/2024\/06\/IMG_4335-1-1536x2048.jpg 1536w, https:\/\/cl-tapissiere.com\/wp-content\/uploads\/2024\/06\/IMG_4335-1-scaled.jpg 1920w\" sizes=\"auto, (max-width: 700px) 100vw, 700px\" \/><\/figure>\n\n\n\n<figure class=\"wp-block-image size-large\"><img loading=\"lazy\" decoding=\"async\" width=\"700\" height=\"933\" data-id=\"1121\" src=\"https:\/\/cl-tapissiere.com\/wp-content\/uploads\/2024\/06\/IMG_5046-1-700x933.jpg\" alt=\"\" class=\"wp-image-1121\" srcset=\"https:\/\/cl-tapissiere.com\/wp-content\/uploads\/2024\/06\/IMG_5046-1-700x933.jpg 700w, https:\/\/cl-tapissiere.com\/wp-content\/uploads\/2024\/06\/IMG_5046-1-225x300.jpg 225w, https:\/\/cl-tapissiere.com\/wp-content\/uploads\/2024\/06\/IMG_5046-1-768x1024.jpg 768w, https:\/\/cl-tapissiere.com\/wp-content\/uploads\/2024\/06\/IMG_5046-1-1152x1536.jpg 1152w, https:\/\/cl-tapissiere.com\/wp-content\/uploads\/2024\/06\/IMG_5046-1-1536x2048.jpg 1536w, https:\/\/cl-tapissiere.com\/wp-content\/uploads\/2024\/06\/IMG_5046-1-scaled.jpg 1920w\" sizes=\"auto, (max-width: 700px) 100vw, 700px\" \/><\/figure>\n\n\n\n<figure class=\"wp-block-image size-large\"><img loading=\"lazy\" decoding=\"async\" width=\"700\" height=\"775\" data-id=\"1122\" src=\"https:\/\/cl-tapissiere.com\/wp-content\/uploads\/2024\/06\/IMG_5070-1-700x775.jpg\" alt=\"\" class=\"wp-image-1122\" srcset=\"https:\/\/cl-tapissiere.com\/wp-content\/uploads\/2024\/06\/IMG_5070-1-700x775.jpg 700w, https:\/\/cl-tapissiere.com\/wp-content\/uploads\/2024\/06\/IMG_5070-1-271x300.jpg 271w, https:\/\/cl-tapissiere.com\/wp-content\/uploads\/2024\/06\/IMG_5070-1-768x850.jpg 768w, https:\/\/cl-tapissiere.com\/wp-content\/uploads\/2024\/06\/IMG_5070-1-1387x1536.jpg 1387w, https:\/\/cl-tapissiere.com\/wp-content\/uploads\/2024\/06\/IMG_5070-1-1850x2048.jpg 1850w\" sizes=\"auto, (max-width: 700px) 100vw, 700px\" \/><\/figure>\n\n\n\n<figure class=\"wp-block-image size-large\"><img loading=\"lazy\" decoding=\"async\" width=\"700\" height=\"875\" data-id=\"1123\" src=\"https:\/\/cl-tapissiere.com\/wp-content\/uploads\/2024\/06\/47D81A0C-7628-41D8-8404-5FC0BAFE3111-1-700x875.jpg\" alt=\"\" class=\"wp-image-1123\" srcset=\"https:\/\/cl-tapissiere.com\/wp-content\/uploads\/2024\/06\/47D81A0C-7628-41D8-8404-5FC0BAFE3111-1-700x875.jpg 700w, https:\/\/cl-tapissiere.com\/wp-content\/uploads\/2024\/06\/47D81A0C-7628-41D8-8404-5FC0BAFE3111-1-240x300.jpg 240w, https:\/\/cl-tapissiere.com\/wp-content\/uploads\/2024\/06\/47D81A0C-7628-41D8-8404-5FC0BAFE3111-1-768x960.jpg 768w, https:\/\/cl-tapissiere.com\/wp-content\/uploads\/2024\/06\/47D81A0C-7628-41D8-8404-5FC0BAFE3111-1-1229x1536.jpg 1229w, https:\/\/cl-tapissiere.com\/wp-content\/uploads\/2024\/06\/47D81A0C-7628-41D8-8404-5FC0BAFE3111-1.jpg 1620w\" sizes=\"auto, (max-width: 700px) 100vw, 700px\" \/><\/figure>\n\n\n\n<figure class=\"wp-block-image size-large\"><img loading=\"lazy\" decoding=\"async\" width=\"700\" height=\"933\" data-id=\"1125\" src=\"https:\/\/cl-tapissiere.com\/wp-content\/uploads\/2024\/06\/IMG_3647-700x933.jpg\" alt=\"\" class=\"wp-image-1125\" srcset=\"https:\/\/cl-tapissiere.com\/wp-content\/uploads\/2024\/06\/IMG_3647-700x933.jpg 700w, https:\/\/cl-tapissiere.com\/wp-content\/uploads\/2024\/06\/IMG_3647-225x300.jpg 225w, https:\/\/cl-tapissiere.com\/wp-content\/uploads\/2024\/06\/IMG_3647-768x1024.jpg 768w, https:\/\/cl-tapissiere.com\/wp-content\/uploads\/2024\/06\/IMG_3647-1152x1536.jpg 1152w, https:\/\/cl-tapissiere.com\/wp-content\/uploads\/2024\/06\/IMG_3647-1536x2048.jpg 1536w, https:\/\/cl-tapissiere.com\/wp-content\/uploads\/2024\/06\/IMG_3647-scaled.jpg 1920w\" sizes=\"auto, (max-width: 700px) 100vw, 700px\" \/><\/figure>\n<\/figure>\n\n\n\n<figure class=\"wp-block-gallery has-nested-images columns-default is-cropped wp-block-gallery-2 is-layout-flex wp-block-gallery-is-layout-flex\">\n<figure class=\"wp-block-image size-large\"><img loading=\"lazy\" decoding=\"async\" width=\"700\" height=\"933\" data-id=\"1126\" src=\"https:\/\/cl-tapissiere.com\/wp-content\/uploads\/2024\/06\/IMG_3521-700x933.jpg\" alt=\"\" class=\"wp-image-1126\" srcset=\"https:\/\/cl-tapissiere.com\/wp-content\/uploads\/2024\/06\/IMG_3521-700x933.jpg 700w, https:\/\/cl-tapissiere.com\/wp-content\/uploads\/2024\/06\/IMG_3521-225x300.jpg 225w, https:\/\/cl-tapissiere.com\/wp-content\/uploads\/2024\/06\/IMG_3521-768x1024.jpg 768w, https:\/\/cl-tapissiere.com\/wp-content\/uploads\/2024\/06\/IMG_3521-1152x1536.jpg 1152w, https:\/\/cl-tapissiere.com\/wp-content\/uploads\/2024\/06\/IMG_3521-1536x2048.jpg 1536w, https:\/\/cl-tapissiere.com\/wp-content\/uploads\/2024\/06\/IMG_3521-scaled.jpg 1920w\" sizes=\"auto, (max-width: 700px) 100vw, 700px\" \/><\/figure>\n\n\n\n<figure class=\"wp-block-image size-large\"><img loading=\"lazy\" decoding=\"async\" width=\"700\" height=\"933\" data-id=\"1127\" src=\"https:\/\/cl-tapissiere.com\/wp-content\/uploads\/2024\/06\/IMG_3439-700x933.jpg\" alt=\"\" class=\"wp-image-1127\" srcset=\"https:\/\/cl-tapissiere.com\/wp-content\/uploads\/2024\/06\/IMG_3439-700x933.jpg 700w, https:\/\/cl-tapissiere.com\/wp-content\/uploads\/2024\/06\/IMG_3439-225x300.jpg 225w, https:\/\/cl-tapissiere.com\/wp-content\/uploads\/2024\/06\/IMG_3439-768x1024.jpg 768w, https:\/\/cl-tapissiere.com\/wp-content\/uploads\/2024\/06\/IMG_3439-1152x1536.jpg 1152w, https:\/\/cl-tapissiere.com\/wp-content\/uploads\/2024\/06\/IMG_3439-1536x2048.jpg 1536w, https:\/\/cl-tapissiere.com\/wp-content\/uploads\/2024\/06\/IMG_3439-scaled.jpg 1920w\" sizes=\"auto, (max-width: 700px) 100vw, 700px\" \/><\/figure>\n\n\n\n<figure class=\"wp-block-image size-large\"><img loading=\"lazy\" decoding=\"async\" width=\"700\" height=\"933\" data-id=\"1128\" src=\"https:\/\/cl-tapissiere.com\/wp-content\/uploads\/2024\/06\/IMG_39861-700x933.jpg\" alt=\"\" class=\"wp-image-1128\" srcset=\"https:\/\/cl-tapissiere.com\/wp-content\/uploads\/2024\/06\/IMG_39861-700x933.jpg 700w, https:\/\/cl-tapissiere.com\/wp-content\/uploads\/2024\/06\/IMG_39861-225x300.jpg 225w, https:\/\/cl-tapissiere.com\/wp-content\/uploads\/2024\/06\/IMG_39861-768x1024.jpg 768w, https:\/\/cl-tapissiere.com\/wp-content\/uploads\/2024\/06\/IMG_39861-1152x1536.jpg 1152w, https:\/\/cl-tapissiere.com\/wp-content\/uploads\/2024\/06\/IMG_39861-1536x2048.jpg 1536w, https:\/\/cl-tapissiere.com\/wp-content\/uploads\/2024\/06\/IMG_39861-scaled.jpg 1920w\" sizes=\"auto, (max-width: 700px) 100vw, 700px\" \/><\/figure>\n\n\n\n<figure class=\"wp-block-image size-large\"><img loading=\"lazy\" decoding=\"async\" width=\"700\" height=\"933\" data-id=\"1129\" src=\"https:\/\/cl-tapissiere.com\/wp-content\/uploads\/2024\/06\/IMG_3687-700x933.jpg\" alt=\"\" class=\"wp-image-1129\" srcset=\"https:\/\/cl-tapissiere.com\/wp-content\/uploads\/2024\/06\/IMG_3687-700x933.jpg 700w, https:\/\/cl-tapissiere.com\/wp-content\/uploads\/2024\/06\/IMG_3687-225x300.jpg 225w, https:\/\/cl-tapissiere.com\/wp-content\/uploads\/2024\/06\/IMG_3687-768x1024.jpg 768w, https:\/\/cl-tapissiere.com\/wp-content\/uploads\/2024\/06\/IMG_3687-1152x1536.jpg 1152w, https:\/\/cl-tapissiere.com\/wp-content\/uploads\/2024\/06\/IMG_3687-1536x2048.jpg 1536w, https:\/\/cl-tapissiere.com\/wp-content\/uploads\/2024\/06\/IMG_3687-scaled.jpg 1920w\" sizes=\"auto, (max-width: 700px) 100vw, 700px\" \/><\/figure>\n<\/figure>\n\n\n\n<p><\/p>\n","protected":false},"excerpt":{"rendered":"<p>L&rsquo;atelier refait les housses de tous les modules Togo. Chauffeuses, angles, deux places, trois places&#8230; de l&rsquo;ind\u00e9modable Togo. N\u00e9 de l&rsquo;esprit du designer fran\u00e7ais Michel Ducaroy pour la maison Ligne Roset d\u00e8s 1973. Un incontournable pour les amoureux du design!<\/p>\n","protected":false},"author":1,"featured_media":0,"parent":0,"menu_order":0,"comment_status":"closed","ping_status":"closed","template":"","meta":{"footnotes":""},"class_list":["post-1066","page","type-page","status-publish","entry"],"_links":{"self":[{"href":"https:\/\/cl-tapissiere.com\/index.php\/wp-json\/wp\/v2\/pages\/1066","targetHints":{"allow":["GET"]}}],"collection":[{"href":"https:\/\/cl-tapissiere.com\/index.php\/wp-json\/wp\/v2\/pages"}],"about":[{"href":"https:\/\/cl-tapissiere.com\/index.php\/wp-json\/wp\/v2\/types\/page"}],"author":[{"embeddable":true,"href":"https:\/\/cl-tapissiere.com\/index.php\/wp-json\/wp\/v2\/users\/1"}],"replies":[{"embeddable":true,"href":"https:\/\/cl-tapissiere.com\/index.php\/wp-json\/wp\/v2\/comments?post=1066"}],"version-history":[{"count":6,"href":"https:\/\/cl-tapissiere.com\/index.php\/wp-json\/wp\/v2\/pages\/1066\/revisions"}],"predecessor-version":[{"id":1182,"href":"https:\/\/cl-tapissiere.com\/index.php\/wp-json\/wp\/v2\/pages\/1066\/revisions\/1182"}],"wp:attachment":[{"href":"https:\/\/cl-tapissiere.com\/index.php\/wp-json\/wp\/v2\/media?parent=1066"}],"curies":[{"name":"wp","href":"https:\/\/api.w.org\/{rel}","templated":true}]}}