{"id":103,"date":"2017-03-19T17:28:27","date_gmt":"2017-03-19T16:28:27","guid":{"rendered":"http:\/\/cl-tapissiere.com\/?page_id=103"},"modified":"2024-06-24T15:38:58","modified_gmt":"2024-06-24T13:38:58","slug":"contact","status":"publish","type":"page","link":"https:\/\/cl-tapissiere.com\/index.php\/contact\/","title":{"rendered":"CONTACT"},"content":{"rendered":"\n<figure class=\"wp-block-image\"><img loading=\"lazy\" decoding=\"async\" width=\"700\" height=\"385\" src=\"https:\/\/cl-tapissiere.com\/wp-content\/uploads\/2019\/04\/IMG_20190109_201543d-700x385.jpg\" alt=\"\" class=\"wp-image-968\" srcset=\"https:\/\/cl-tapissiere.com\/wp-content\/uploads\/2019\/04\/IMG_20190109_201543d-700x385.jpg 700w, https:\/\/cl-tapissiere.com\/wp-content\/uploads\/2019\/04\/IMG_20190109_201543d-300x165.jpg 300w, https:\/\/cl-tapissiere.com\/wp-content\/uploads\/2019\/04\/IMG_20190109_201543d-768x422.jpg 768w\" sizes=\"auto, (max-width: 700px) 100vw, 700px\" \/><\/figure>\n\n\n<p>Si vous avez la moindre questions, que vous souhaitez un devis et\/ou des conseils, n&rsquo;h\u00e9sitez pas \u00e0 m&rsquo;appeler au: <strong><span style=\"color: #ff6600;\">06 51 76 22 16<\/span><\/strong><\/p>\n<p>Vous pouvez \u00e9galement venir \u00e0 l&rsquo;atelier au<\/p>\n<p>19 rue D\u00e9odora<\/p>\n<p><span style=\"color: #000000;\">31400 Toulouse<\/span><\/p>\n<p>Ou encore me contacter par mail: charlotte.ladoux@gmail.com<\/p>\n<p>ou via les r\u00e9seaux sociaux.<\/p>\n\n\n<p>INSTAGRAM : <a rel=\"noreferrer noopener\" href=\"http:\/\/www.instagram.com\/cl_tapisserie_d_ameublement\" target=\"_blank\">http:\/\/www.instagram.com\/cl_tapisserie_d_ameublement<\/a><\/p>\n","protected":false},"excerpt":{"rendered":"<p>Si vous avez la moindre questions, que vous souhaitez un devis et\/ou des conseils, n&rsquo;h\u00e9sitez pas \u00e0 m&rsquo;appeler au: 06 51 76 22 16 Vous pouvez \u00e9galement venir \u00e0 l&rsquo;atelier au 19 rue D\u00e9odora 31400 Toulouse Ou encore me contacter par mail: charlotte.ladoux@gmail.com ou via les r\u00e9seaux sociaux. INSTAGRAM : http:\/\/www.instagram.com\/cl_tapisserie_d_ameublement<\/p>\n","protected":false},"author":1,"featured_media":0,"parent":0,"menu_order":0,"comment_status":"closed","ping_status":"closed","template":"","meta":{"footnotes":""},"class_list":["post-103","page","type-page","status-publish","entry"],"_links":{"self":[{"href":"https:\/\/cl-tapissiere.com\/index.php\/wp-json\/wp\/v2\/pages\/103","targetHints":{"allow":["GET"]}}],"collection":[{"href":"https:\/\/cl-tapissiere.com\/index.php\/wp-json\/wp\/v2\/pages"}],"about":[{"href":"https:\/\/cl-tapissiere.com\/index.php\/wp-json\/wp\/v2\/types\/page"}],"author":[{"embeddable":true,"href":"https:\/\/cl-tapissiere.com\/index.php\/wp-json\/wp\/v2\/users\/1"}],"replies":[{"embeddable":true,"href":"https:\/\/cl-tapissiere.com\/index.php\/wp-json\/wp\/v2\/comments?post=103"}],"version-history":[{"count":12,"href":"https:\/\/cl-tapissiere.com\/index.php\/wp-json\/wp\/v2\/pages\/103\/revisions"}],"predecessor-version":[{"id":1132,"href":"https:\/\/cl-tapissiere.com\/index.php\/wp-json\/wp\/v2\/pages\/103\/revisions\/1132"}],"wp:attachment":[{"href":"https:\/\/cl-tapissiere.com\/index.php\/wp-json\/wp\/v2\/media?parent=103"}],"curies":[{"name":"wp","href":"https:\/\/api.w.org\/{rel}","templated":true}]}}